{"id":100,"date":"2014-08-17T21:54:47","date_gmt":"2014-08-17T21:54:47","guid":{"rendered":"http:\/\/svetlomodro.si\/hisa\/?page_id=100"},"modified":"2015-02-26T04:40:38","modified_gmt":"2015-02-26T02:40:38","slug":"pridruzite_se","status":"publish","type":"page","link":"https:\/\/hisaizrocila.si\/sl\/o-nas\/pridruzite_se\/","title":{"rendered":"Pridru\u017eite se nam"},"content":{"rendered":"<p style=\"text-align: justify;\">V Hi\u0161o izro\u010dila se lahko vklju\u010dite na razli\u010dne na\u010dine in podprete na\u0161e delovanje. To lahko storite tako, da \u00a0izpolnjen obrazce po\u0161ljete na na\u0161 naslov info@hisaizrocila.si. Dobrodo\u0161li vsi!<\/p>\n<h3><span style=\"text-align: justify;\">Prijatelji<\/span><span style=\"text-align: justify;\"> Hi\u0161e izro\u010dila<\/span><\/h3>\n<p><span style=\"text-align: justify;\">Obve\u0161\u010deni boste o na\u0161ih dogodkih\u00a0in delovnih akcijah.<\/span><\/p>\n<h3><span style=\"text-align: justify;\">Prostovoljci<\/span><\/h3>\n<p><span style=\"text-align: justify;\">Sodelujete lahko pri zbiranju gradiva snovne in nesnovne dedi\u0161\u010dine, fizi\u010dnih delih, organizacija dogodkov in administrativnih delih.<\/span><\/p>\n<h3><span style=\"text-align: justify;\">\u010clan v razvojni skupini Hi\u0161e Izro\u010dila <\/span><\/h3>\n<p><span style=\"text-align: justify;\">Sodelujete pri trajnostnem razvoju na\u0161e regije.<\/span><\/p>\n<h3><span style=\"text-align: justify;\">Donatorji <\/span><\/h3>\n<p><span style=\"text-align: justify;\">Z donacijo podprete na\u0161e delovanje.<\/span><\/p>\n<h3>Zaposleni<\/h3>\n<p>Postanete del na\u0161e ekipe.<div class=\"divider\"><\/div>\n<h3><a href=\"https:\/\/hisaizrocila.si\/wp-content\/uploads\/Pogodba-o-donatorstvu.docx\">Pogodba o donatorstvu<\/a><\/h3>\n<h3><a href=\"https:\/\/hisaizrocila.si\/wp-content\/uploads\/PRISTOPNA-IZJAVA-\u010cLANSTVO-DONATORJI-PROSTOVOLJSTVO.docx\">Pristopna izjava<\/a><\/h3>\n","protected":false},"excerpt":{"rendered":"<p>V Hi\u0161o izro\u010dila se lahko vklju\u010dite na razli\u010dne na\u010dine in podprete na\u0161e delovanje. To lahko storite tako, da \u00a0izpolnjen obrazce po\u0161ljete na na\u0161 naslov info@hisaizrocila.si. Dobrodo\u0161li vsi! Prijatelji Hi\u0161e izro\u010dila &#8230;<\/p>\n","protected":false},"author":1,"featured_media":0,"parent":9,"menu_order":0,"comment_status":"open","ping_status":"closed","template":"","meta":[],"_links":{"self":[{"href":"https:\/\/hisaizrocila.si\/sl\/wp-json\/wp\/v2\/pages\/100"}],"collection":[{"href":"https:\/\/hisaizrocila.si\/sl\/wp-json\/wp\/v2\/pages"}],"about":[{"href":"https:\/\/hisaizrocila.si\/sl\/wp-json\/wp\/v2\/types\/page"}],"author":[{"embeddable":true,"href":"https:\/\/hisaizrocila.si\/sl\/wp-json\/wp\/v2\/users\/1"}],"replies":[{"embeddable":true,"href":"https:\/\/hisaizrocila.si\/sl\/wp-json\/wp\/v2\/comments?post=100"}],"version-history":[{"count":11,"href":"https:\/\/hisaizrocila.si\/sl\/wp-json\/wp\/v2\/pages\/100\/revisions"}],"predecessor-version":[{"id":1375,"href":"https:\/\/hisaizrocila.si\/sl\/wp-json\/wp\/v2\/pages\/100\/revisions\/1375"}],"up":[{"embeddable":true,"href":"https:\/\/hisaizrocila.si\/sl\/wp-json\/wp\/v2\/pages\/9"}],"wp:attachment":[{"href":"https:\/\/hisaizrocila.si\/sl\/wp-json\/wp\/v2\/media?parent=100"}],"curies":[{"name":"wp","href":"https:\/\/api.w.org\/{rel}","templated":true}]}}