{"id":1231,"date":"2015-02-27T12:42:46","date_gmt":"2015-02-27T10:42:46","guid":{"rendered":"http:\/\/hisaizrocila.si\/?page_id=1231"},"modified":"2015-02-27T12:43:17","modified_gmt":"2015-02-27T10:43:17","slug":"kulturna-dediscina","status":"publish","type":"page","link":"https:\/\/hisaizrocila.si\/sl\/ponudba\/kulturna-dediscina\/","title":{"rendered":"Kulturna dedi\u0161\u010dina"},"content":{"rendered":"<div class=\"one_half \">\n<h2>Obisk mojstra tradicionalnega izdelovanja drevaka<\/h2>\n<p style=\"text-align: justify;\">Do dana\u0161njih dni \u00a0se je na \u00a0Cerkni\u0161kem jezeru \u00a0najmanj od \u010dasa Valvasorja (1641-1693) ohranil tradicionalni \u010doln drevak, ki predstavlja zadnjo ohranjeno vez razvoja iz prazgodovinskega deblaka v drevak. Ob Cerkni\u0161kem jezeru stoji delavnica mojstra Antona Lovka, ki\u00a0nosi ve\u0161\u010dine tradicionalnega izdelovanja\u00a0drevaka. Mladi \u010duvar izro\u010dila bo predstavil postopek izdelave od izbora avtohtonega drevasa -jelke do tradicionalnega jezerskega \u010dolna -drevaka.<\/p>\n<p style=\"text-align: justify;\"><a href=\"https:\/\/hisaizrocila.si\/wp-content\/uploads\/ogled_mojstra_424px_141px1.png\"><img decoding=\"async\" loading=\"lazy\" class=\"alignnone size-full wp-image-1286\" src=\"https:\/\/hisaizrocila.si\/wp-content\/uploads\/ogled_mojstra_424px_141px1.png\" alt=\"ogled_mojstra_424px_141px\" width=\"424\" height=\"141\" srcset=\"https:\/\/hisaizrocila.si\/wp-content\/uploads\/ogled_mojstra_424px_141px1.png 424w, https:\/\/hisaizrocila.si\/wp-content\/uploads\/ogled_mojstra_424px_141px1-300x100.png 300w, https:\/\/hisaizrocila.si\/wp-content\/uploads\/ogled_mojstra_424px_141px1-330x110.png 330w, https:\/\/hisaizrocila.si\/wp-content\/uploads\/ogled_mojstra_424px_141px1-86x29.png 86w, https:\/\/hisaizrocila.si\/wp-content\/uploads\/ogled_mojstra_424px_141px1-380x126.png 380w, https:\/\/hisaizrocila.si\/wp-content\/uploads\/ogled_mojstra_424px_141px1-377x125.png 377w\" sizes=\"(max-width: 424px) 100vw, 424px\" \/><\/a><\/p>\n<\/div>\n<p><a href=\"https:\/\/hisaizrocila.si\/wp-content\/uploads\/ogled_mojstra_306px_469px.png\"><img decoding=\"async\" loading=\"lazy\" class=\"alignnone size-full wp-image-1283\" src=\"https:\/\/hisaizrocila.si\/wp-content\/uploads\/ogled_mojstra_306px_469px.png\" alt=\"ogled_mojstra_306px_469px\" width=\"306\" height=\"469\" srcset=\"https:\/\/hisaizrocila.si\/wp-content\/uploads\/ogled_mojstra_306px_469px.png 306w, https:\/\/hisaizrocila.si\/wp-content\/uploads\/ogled_mojstra_306px_469px-196x300.png 196w, https:\/\/hisaizrocila.si\/wp-content\/uploads\/ogled_mojstra_306px_469px-129x198.png 129w, https:\/\/hisaizrocila.si\/wp-content\/uploads\/ogled_mojstra_306px_469px-56x86.png 56w, https:\/\/hisaizrocila.si\/wp-content\/uploads\/ogled_mojstra_306px_469px-228x350.png 228w, https:\/\/hisaizrocila.si\/wp-content\/uploads\/ogled_mojstra_306px_469px-246x377.png 246w\" sizes=\"(max-width: 306px) 100vw, 306px\" \/><\/a><\/p>\n<p style=\"text-align: justify;\"><div class=\"divider\"><\/div>\n<div class=\"one_half \">\n<h2>Vo\u017enja z drevakom<\/h2>\n<p style=\"text-align: justify;\">Drevak se je nekdaj uporabljal za\u00a0potrebe prevoza ljudi, tovora in ribolova. Dandanes pa vo\u017enja z drevakom predstavlja predvsem izskustveno do\u017eivetje narave in jezerske kulture.<\/p>\n<p><a href=\"https:\/\/hisaizrocila.si\/wp-content\/uploads\/vodenje_jezerski-kulturi_424px_141px.png\"><img decoding=\"async\" loading=\"lazy\" class=\"alignnone size-full wp-image-1245\" src=\"https:\/\/hisaizrocila.si\/wp-content\/uploads\/vodenje_jezerski-kulturi_424px_141px.png\" alt=\"vodenje_jezerski kulturi_424px_141px\" width=\"424\" height=\"141\" srcset=\"https:\/\/hisaizrocila.si\/wp-content\/uploads\/vodenje_jezerski-kulturi_424px_141px.png 424w, https:\/\/hisaizrocila.si\/wp-content\/uploads\/vodenje_jezerski-kulturi_424px_141px-300x100.png 300w, https:\/\/hisaizrocila.si\/wp-content\/uploads\/vodenje_jezerski-kulturi_424px_141px-330x110.png 330w, https:\/\/hisaizrocila.si\/wp-content\/uploads\/vodenje_jezerski-kulturi_424px_141px-86x29.png 86w, https:\/\/hisaizrocila.si\/wp-content\/uploads\/vodenje_jezerski-kulturi_424px_141px-380x126.png 380w, https:\/\/hisaizrocila.si\/wp-content\/uploads\/vodenje_jezerski-kulturi_424px_141px-377x125.png 377w\" sizes=\"(max-width: 424px) 100vw, 424px\" \/><\/a><\/p>\n<\/div>\n<p><img decoding=\"async\" loading=\"lazy\" class=\"alignnone size-full wp-image-1234\" src=\"https:\/\/hisaizrocila.si\/wp-content\/uploads\/vodenje_jezerski-kulturi_306px_469px.png\" alt=\"vodenje_jezerski kulturi_306px_469px\" width=\"306\" height=\"469\" srcset=\"https:\/\/hisaizrocila.si\/wp-content\/uploads\/vodenje_jezerski-kulturi_306px_469px.png 306w, https:\/\/hisaizrocila.si\/wp-content\/uploads\/vodenje_jezerski-kulturi_306px_469px-196x300.png 196w, https:\/\/hisaizrocila.si\/wp-content\/uploads\/vodenje_jezerski-kulturi_306px_469px-129x198.png 129w, https:\/\/hisaizrocila.si\/wp-content\/uploads\/vodenje_jezerski-kulturi_306px_469px-56x86.png 56w, https:\/\/hisaizrocila.si\/wp-content\/uploads\/vodenje_jezerski-kulturi_306px_469px-228x350.png 228w, https:\/\/hisaizrocila.si\/wp-content\/uploads\/vodenje_jezerski-kulturi_306px_469px-246x377.png 246w\" sizes=\"(max-width: 306px) 100vw, 306px\" \/><\/p>\n<p style=\"text-align: justify;\"><div class=\"divider\"><\/div>\n<div class=\"one_half \">\n<h2>Kovanje<\/h2>\n<p style=\"text-align: justify;\">Neko\u0161 je skoraj vasak vas premogla vsaj enega kova\u010da. Kova\u010di so idelovali kme\u010dka orodja, podkve in \u017eeblje. Na Notranjskem je kova\u010d razvil posebne \u017eeblje, ki so bili nujni za izdelavo drevaka. Ob Hi\u0161i izro\u010dila stoji kova\u010dija v kateri \u00a0lahko zavihtite kladivo in oblikujete reciklirano \u017eelezo v nove izdelke.<\/p>\n<p style=\"text-align: justify;\"><a href=\"https:\/\/hisaizrocila.si\/wp-content\/uploads\/kovastvo_424px_141px.png\"><img decoding=\"async\" loading=\"lazy\" class=\"alignnone size-full wp-image-1293\" src=\"https:\/\/hisaizrocila.si\/wp-content\/uploads\/kovastvo_424px_141px.png\" alt=\"kovastvo_424px_141px\" width=\"424\" height=\"141\" srcset=\"https:\/\/hisaizrocila.si\/wp-content\/uploads\/kovastvo_424px_141px.png 424w, https:\/\/hisaizrocila.si\/wp-content\/uploads\/kovastvo_424px_141px-300x100.png 300w, https:\/\/hisaizrocila.si\/wp-content\/uploads\/kovastvo_424px_141px-330x110.png 330w, https:\/\/hisaizrocila.si\/wp-content\/uploads\/kovastvo_424px_141px-86x29.png 86w, https:\/\/hisaizrocila.si\/wp-content\/uploads\/kovastvo_424px_141px-380x126.png 380w, https:\/\/hisaizrocila.si\/wp-content\/uploads\/kovastvo_424px_141px-377x125.png 377w\" sizes=\"(max-width: 424px) 100vw, 424px\" \/><\/a><\/p>\n<\/div>\n<p><img decoding=\"async\" loading=\"lazy\" class=\"alignnone size-full wp-image-1292\" src=\"https:\/\/hisaizrocila.si\/wp-content\/uploads\/kovastvo_306px_469px.png\" alt=\"kovastvo_306px_469px\" width=\"306\" height=\"469\" srcset=\"https:\/\/hisaizrocila.si\/wp-content\/uploads\/kovastvo_306px_469px.png 306w, https:\/\/hisaizrocila.si\/wp-content\/uploads\/kovastvo_306px_469px-196x300.png 196w, https:\/\/hisaizrocila.si\/wp-content\/uploads\/kovastvo_306px_469px-129x198.png 129w, https:\/\/hisaizrocila.si\/wp-content\/uploads\/kovastvo_306px_469px-56x86.png 56w, https:\/\/hisaizrocila.si\/wp-content\/uploads\/kovastvo_306px_469px-228x350.png 228w, https:\/\/hisaizrocila.si\/wp-content\/uploads\/kovastvo_306px_469px-246x377.png 246w\" sizes=\"(max-width: 306px) 100vw, 306px\" \/><\/p>\n<p style=\"text-align: justify;\"><div class=\"divider\"><\/div>\n<div class=\"one_half \">\n<h2>Predenje lanu in volne<\/h2>\n<p style=\"text-align: justify;\">Preja je v zimskem \u010dasu predstavljala prazni\u010dno sredi\u0161\u010de dru\u017eabnega \u017eivljenja na vasi. To je bilo prizori\u0161\u010de \u0161eg in navad, iger, petja, zastavljanja ugank, pripovedovanja pravljic, bajk, pripovedk in sme\u0161nic. Z prejo na kolovratu se\u00a0telo in um zdru\u017eita v sinhronem ritmu. Roke bodo ob urjenju motori\u010dnih sposobnosti\u00a0dobile ob\u010dutek za material in finost niti.<\/p>\n<p style=\"text-align: justify;\"><a href=\"https:\/\/hisaizrocila.si\/wp-content\/uploads\/predenje_424px_141px.png\"><img decoding=\"async\" loading=\"lazy\" class=\"alignnone size-full wp-image-1303\" src=\"https:\/\/hisaizrocila.si\/wp-content\/uploads\/predenje_424px_141px.png\" alt=\"predenje_424px_141px\" width=\"424\" height=\"141\" srcset=\"https:\/\/hisaizrocila.si\/wp-content\/uploads\/predenje_424px_141px.png 424w, https:\/\/hisaizrocila.si\/wp-content\/uploads\/predenje_424px_141px-300x100.png 300w, https:\/\/hisaizrocila.si\/wp-content\/uploads\/predenje_424px_141px-330x110.png 330w, https:\/\/hisaizrocila.si\/wp-content\/uploads\/predenje_424px_141px-86x29.png 86w, https:\/\/hisaizrocila.si\/wp-content\/uploads\/predenje_424px_141px-380x126.png 380w, https:\/\/hisaizrocila.si\/wp-content\/uploads\/predenje_424px_141px-377x125.png 377w\" sizes=\"(max-width: 424px) 100vw, 424px\" \/><\/a><\/p>\n<\/div>\n<p><a href=\"https:\/\/hisaizrocila.si\/wp-content\/uploads\/predenje_306px_469px.png\"><img decoding=\"async\" loading=\"lazy\" class=\"alignnone size-full wp-image-1302\" src=\"https:\/\/hisaizrocila.si\/wp-content\/uploads\/predenje_306px_469px.png\" alt=\"predenje_306px_469px\" width=\"306\" height=\"469\" srcset=\"https:\/\/hisaizrocila.si\/wp-content\/uploads\/predenje_306px_469px.png 306w, https:\/\/hisaizrocila.si\/wp-content\/uploads\/predenje_306px_469px-196x300.png 196w, https:\/\/hisaizrocila.si\/wp-content\/uploads\/predenje_306px_469px-129x198.png 129w, https:\/\/hisaizrocila.si\/wp-content\/uploads\/predenje_306px_469px-56x86.png 56w, https:\/\/hisaizrocila.si\/wp-content\/uploads\/predenje_306px_469px-228x350.png 228w, https:\/\/hisaizrocila.si\/wp-content\/uploads\/predenje_306px_469px-246x377.png 246w\" sizes=\"(max-width: 306px) 100vw, 306px\" \/><\/a><\/p>\n<p style=\"text-align: justify;\"><div class=\"divider\"><\/div>\n<div class=\"one_half \">\n<h2>Tkanje<\/h2>\n<p align=\"justify\">Tkalci na notranjskem\u00a0 so bili le redki v vasi, ve\u0161\u010dina tkanja pa je\u00a0zahtevala svoj \u010das in natan\u010dnost. Delavnica tkanja na statvah in\u00a0greben\u010dkih bo udele\u017eencu pribli\u017eala tehnike tkanja, ob\u010dutek za kombinacijo razli\u010dnih materialov in razvoj kreativnega razmi\u0161lanja.<\/p>\n<p style=\"text-align: justify;\"><a href=\"https:\/\/hisaizrocila.si\/wp-content\/uploads\/tkanje_424px_141px.png\"><img decoding=\"async\" loading=\"lazy\" class=\"alignnone size-full wp-image-1311\" src=\"https:\/\/hisaizrocila.si\/wp-content\/uploads\/tkanje_424px_141px.png\" alt=\"tkanje_424px_141px\" width=\"424\" height=\"141\" srcset=\"https:\/\/hisaizrocila.si\/wp-content\/uploads\/tkanje_424px_141px.png 424w, https:\/\/hisaizrocila.si\/wp-content\/uploads\/tkanje_424px_141px-300x100.png 300w, https:\/\/hisaizrocila.si\/wp-content\/uploads\/tkanje_424px_141px-330x110.png 330w, https:\/\/hisaizrocila.si\/wp-content\/uploads\/tkanje_424px_141px-86x29.png 86w, https:\/\/hisaizrocila.si\/wp-content\/uploads\/tkanje_424px_141px-380x126.png 380w, https:\/\/hisaizrocila.si\/wp-content\/uploads\/tkanje_424px_141px-377x125.png 377w\" sizes=\"(max-width: 424px) 100vw, 424px\" \/><\/a><\/p>\n<\/div>\n<p><a href=\"https:\/\/hisaizrocila.si\/wp-content\/uploads\/tkanje_306px_469px.png\"><img decoding=\"async\" loading=\"lazy\" class=\"alignnone size-full wp-image-1310\" src=\"https:\/\/hisaizrocila.si\/wp-content\/uploads\/tkanje_306px_469px.png\" alt=\"tkanje_306px_469px\" width=\"306\" height=\"469\" srcset=\"https:\/\/hisaizrocila.si\/wp-content\/uploads\/tkanje_306px_469px.png 306w, https:\/\/hisaizrocila.si\/wp-content\/uploads\/tkanje_306px_469px-196x300.png 196w, https:\/\/hisaizrocila.si\/wp-content\/uploads\/tkanje_306px_469px-129x198.png 129w, https:\/\/hisaizrocila.si\/wp-content\/uploads\/tkanje_306px_469px-56x86.png 56w, https:\/\/hisaizrocila.si\/wp-content\/uploads\/tkanje_306px_469px-228x350.png 228w, https:\/\/hisaizrocila.si\/wp-content\/uploads\/tkanje_306px_469px-246x377.png 246w\" sizes=\"(max-width: 306px) 100vw, 306px\" \/><\/a><\/p>\n<p style=\"text-align: justify;\"><div class=\"divider\"><\/div>\n<div class=\"one_half \">\n<h2>Ljudska glasba in obi\u010daji<\/h2>\n<p style=\"text-align: justify;\">Ljudske\u00a0pesemi in obi\u010daji izvirajo specifik\u00a0manj\u0161ih skupnosti in lokalnega okolja.\u00a0Obredne pesmi, balade, mrli\u0161ke, legendne, solda\u0161ke, otro\u0161ke, o naravi, stanovske bo na svojevrsten na\u010din prdstavila svobodna umetnica in zbirateljica ljudskega izro\u010dila Ljoba Jen\u010de.<\/p>\n<p style=\"text-align: justify;\"><a href=\"https:\/\/hisaizrocila.si\/wp-content\/uploads\/ljudska_glasba_424px_141px.png\"><img decoding=\"async\" loading=\"lazy\" class=\"alignnone size-full wp-image-1295\" src=\"https:\/\/hisaizrocila.si\/wp-content\/uploads\/ljudska_glasba_424px_141px.png\" alt=\"ljudska_glasba_424px_141px\" width=\"424\" height=\"141\" srcset=\"https:\/\/hisaizrocila.si\/wp-content\/uploads\/ljudska_glasba_424px_141px.png 424w, https:\/\/hisaizrocila.si\/wp-content\/uploads\/ljudska_glasba_424px_141px-300x100.png 300w, https:\/\/hisaizrocila.si\/wp-content\/uploads\/ljudska_glasba_424px_141px-330x110.png 330w, https:\/\/hisaizrocila.si\/wp-content\/uploads\/ljudska_glasba_424px_141px-86x29.png 86w, https:\/\/hisaizrocila.si\/wp-content\/uploads\/ljudska_glasba_424px_141px-380x126.png 380w, https:\/\/hisaizrocila.si\/wp-content\/uploads\/ljudska_glasba_424px_141px-377x125.png 377w\" sizes=\"(max-width: 424px) 100vw, 424px\" \/><\/a><\/p>\n<\/div>\n<p><a href=\"https:\/\/hisaizrocila.si\/wp-content\/uploads\/ljudska_glasba_306px_469px.png\"><img decoding=\"async\" loading=\"lazy\" class=\"alignnone size-full wp-image-1294\" src=\"https:\/\/hisaizrocila.si\/wp-content\/uploads\/ljudska_glasba_306px_469px.png\" alt=\"ljudska_glasba_306px_469px\" width=\"306\" height=\"469\" srcset=\"https:\/\/hisaizrocila.si\/wp-content\/uploads\/ljudska_glasba_306px_469px.png 306w, https:\/\/hisaizrocila.si\/wp-content\/uploads\/ljudska_glasba_306px_469px-196x300.png 196w, https:\/\/hisaizrocila.si\/wp-content\/uploads\/ljudska_glasba_306px_469px-129x198.png 129w, https:\/\/hisaizrocila.si\/wp-content\/uploads\/ljudska_glasba_306px_469px-56x86.png 56w, https:\/\/hisaizrocila.si\/wp-content\/uploads\/ljudska_glasba_306px_469px-228x350.png 228w, https:\/\/hisaizrocila.si\/wp-content\/uploads\/ljudska_glasba_306px_469px-246x377.png 246w\" sizes=\"(max-width: 306px) 100vw, 306px\" \/><\/a><\/p>\n<p style=\"text-align: justify;\"><div class=\"divider\"><\/div>\n<div class=\"one_half \">\n<h2>Pripovedovanje<\/h2>\n<p style=\"text-align: justify;\">\u017de od nekdaj so se pripovedi in zgodbe ohranjale\u00a0iz roda v rod. Med izbranimi\u00a0besedami pa \u0161e dandanes lahko razberemo \u017eivljenske nauke. Ob pripovedovanju Ljobe Jen\u010de se boste vrnili v \u010das, ko so otroci sedeli ob kru\u0161nih pe\u010deh in poslu\u0161ali zgodbe babic.<\/p>\n<p style=\"text-align: justify;\"><a href=\"https:\/\/hisaizrocila.si\/wp-content\/uploads\/pripovedovanje_424px_141px.png\"><img decoding=\"async\" loading=\"lazy\" class=\"alignnone size-full wp-image-1305\" src=\"https:\/\/hisaizrocila.si\/wp-content\/uploads\/pripovedovanje_424px_141px.png\" alt=\"pripovedovanje_424px_141px\" width=\"424\" height=\"141\" srcset=\"https:\/\/hisaizrocila.si\/wp-content\/uploads\/pripovedovanje_424px_141px.png 424w, https:\/\/hisaizrocila.si\/wp-content\/uploads\/pripovedovanje_424px_141px-300x100.png 300w, https:\/\/hisaizrocila.si\/wp-content\/uploads\/pripovedovanje_424px_141px-330x110.png 330w, https:\/\/hisaizrocila.si\/wp-content\/uploads\/pripovedovanje_424px_141px-86x29.png 86w, https:\/\/hisaizrocila.si\/wp-content\/uploads\/pripovedovanje_424px_141px-380x126.png 380w, https:\/\/hisaizrocila.si\/wp-content\/uploads\/pripovedovanje_424px_141px-377x125.png 377w\" sizes=\"(max-width: 424px) 100vw, 424px\" \/><\/a><\/p>\n<\/div>\n<p><a href=\"https:\/\/hisaizrocila.si\/wp-content\/uploads\/pripovedovanje_306px_469px.png\"><img decoding=\"async\" loading=\"lazy\" class=\"alignnone size-full wp-image-1304\" src=\"https:\/\/hisaizrocila.si\/wp-content\/uploads\/pripovedovanje_306px_469px.png\" alt=\"pripovedovanje_306px_469px\" width=\"306\" height=\"469\" srcset=\"https:\/\/hisaizrocila.si\/wp-content\/uploads\/pripovedovanje_306px_469px.png 306w, https:\/\/hisaizrocila.si\/wp-content\/uploads\/pripovedovanje_306px_469px-196x300.png 196w, https:\/\/hisaizrocila.si\/wp-content\/uploads\/pripovedovanje_306px_469px-129x198.png 129w, https:\/\/hisaizrocila.si\/wp-content\/uploads\/pripovedovanje_306px_469px-56x86.png 56w, https:\/\/hisaizrocila.si\/wp-content\/uploads\/pripovedovanje_306px_469px-228x350.png 228w, https:\/\/hisaizrocila.si\/wp-content\/uploads\/pripovedovanje_306px_469px-246x377.png 246w\" sizes=\"(max-width: 306px) 100vw, 306px\" \/><\/a><\/p>\n<p style=\"text-align: justify;\"><div class=\"divider\"><\/div>\n<div class=\"one_half \">\n<h2>Destilarna eteri\u010dnih olj<\/h2>\n<p style=\"text-align: justify;\">Hi\u0161a izro\u010dila je neko\u010d bila prva destilarna eteri\u010dnih olj na Slovenskem. V prostorih nekdanje &#8220;fabrike&#8221; bo Mladi \u010duvar izro\u010dila predstavil zgodovino destilarne in destilacijski postopek, kot so ga poznali v Dolenji vasi.<\/p>\n<p style=\"text-align: justify;\"><a href=\"https:\/\/hisaizrocila.si\/wp-content\/uploads\/ogled_mojstra_424px_141px1.png\"><img decoding=\"async\" loading=\"lazy\" class=\"alignnone size-full wp-image-1286\" src=\"https:\/\/hisaizrocila.si\/wp-content\/uploads\/ogled_mojstra_424px_141px1.png\" alt=\"ogled_mojstra_424px_141px\" width=\"424\" height=\"141\" srcset=\"https:\/\/hisaizrocila.si\/wp-content\/uploads\/ogled_mojstra_424px_141px1.png 424w, https:\/\/hisaizrocila.si\/wp-content\/uploads\/ogled_mojstra_424px_141px1-300x100.png 300w, https:\/\/hisaizrocila.si\/wp-content\/uploads\/ogled_mojstra_424px_141px1-330x110.png 330w, https:\/\/hisaizrocila.si\/wp-content\/uploads\/ogled_mojstra_424px_141px1-86x29.png 86w, https:\/\/hisaizrocila.si\/wp-content\/uploads\/ogled_mojstra_424px_141px1-380x126.png 380w, https:\/\/hisaizrocila.si\/wp-content\/uploads\/ogled_mojstra_424px_141px1-377x125.png 377w\" sizes=\"(max-width: 424px) 100vw, 424px\" \/><\/a><\/p>\n<\/div>\n<p><a href=\"https:\/\/hisaizrocila.si\/wp-content\/uploads\/destilarna_306px_469px.png\"><img decoding=\"async\" loading=\"lazy\" class=\"alignnone size-full wp-image-1493\" src=\"https:\/\/hisaizrocila.si\/wp-content\/uploads\/destilarna_306px_469px.png\" alt=\"destilarna_306px_469px\" width=\"306\" height=\"496\" srcset=\"https:\/\/hisaizrocila.si\/wp-content\/uploads\/destilarna_306px_469px.png 306w, https:\/\/hisaizrocila.si\/wp-content\/uploads\/destilarna_306px_469px-185x300.png 185w, https:\/\/hisaizrocila.si\/wp-content\/uploads\/destilarna_306px_469px-122x198.png 122w, https:\/\/hisaizrocila.si\/wp-content\/uploads\/destilarna_306px_469px-53x86.png 53w, https:\/\/hisaizrocila.si\/wp-content\/uploads\/destilarna_306px_469px-216x350.png 216w, https:\/\/hisaizrocila.si\/wp-content\/uploads\/destilarna_306px_469px-233x377.png 233w\" sizes=\"(max-width: 306px) 100vw, 306px\" \/><\/a><\/p>\n<p style=\"text-align: justify;\"><div class=\"divider\"><\/div>\n<div class=\"one_half \">\n<h2>Ustvarjalci Notranjske<\/h2>\n<p style=\"text-align: justify;\">Notranjska pokrajina je \u017ee od nekdaj navdihovala najrazli\u010dnej\u0161e ustvarjalce,pisatelje,pesnike in znanstvenike. Mladi \u010duvar izro\u010dila bo vodil po histori\u010dni poti ustvarjalcev, katere so navdihovala \u010dudesa notranjske pokrajine in kulture. Od\u00a0J.W.Valvasorja do\u00a0J. Udovi\u010d.<\/p>\n<p style=\"text-align: justify;\"><a href=\"https:\/\/hisaizrocila.si\/wp-content\/uploads\/ustvarijalci_424px_141px.png\"><img decoding=\"async\" loading=\"lazy\" class=\"alignnone size-full wp-image-1317\" src=\"https:\/\/hisaizrocila.si\/wp-content\/uploads\/ustvarijalci_424px_141px.png\" alt=\"ustvarijalci_424px_141px\" width=\"424\" height=\"141\" srcset=\"https:\/\/hisaizrocila.si\/wp-content\/uploads\/ustvarijalci_424px_141px.png 424w, https:\/\/hisaizrocila.si\/wp-content\/uploads\/ustvarijalci_424px_141px-300x100.png 300w, https:\/\/hisaizrocila.si\/wp-content\/uploads\/ustvarijalci_424px_141px-330x110.png 330w, https:\/\/hisaizrocila.si\/wp-content\/uploads\/ustvarijalci_424px_141px-86x29.png 86w, https:\/\/hisaizrocila.si\/wp-content\/uploads\/ustvarijalci_424px_141px-380x126.png 380w, https:\/\/hisaizrocila.si\/wp-content\/uploads\/ustvarijalci_424px_141px-377x125.png 377w\" sizes=\"(max-width: 424px) 100vw, 424px\" \/><\/a><\/p>\n<\/div>\n<p><a href=\"https:\/\/hisaizrocila.si\/wp-content\/uploads\/ustvarijalci_306px_469px.png\"><img decoding=\"async\" loading=\"lazy\" class=\"alignnone size-full wp-image-1316\" src=\"https:\/\/hisaizrocila.si\/wp-content\/uploads\/ustvarijalci_306px_469px.png\" alt=\"ustvarijalci_306px_469px\" width=\"306\" height=\"469\" srcset=\"https:\/\/hisaizrocila.si\/wp-content\/uploads\/ustvarijalci_306px_469px.png 306w, https:\/\/hisaizrocila.si\/wp-content\/uploads\/ustvarijalci_306px_469px-196x300.png 196w, https:\/\/hisaizrocila.si\/wp-content\/uploads\/ustvarijalci_306px_469px-129x198.png 129w, https:\/\/hisaizrocila.si\/wp-content\/uploads\/ustvarijalci_306px_469px-56x86.png 56w, https:\/\/hisaizrocila.si\/wp-content\/uploads\/ustvarijalci_306px_469px-228x350.png 228w, https:\/\/hisaizrocila.si\/wp-content\/uploads\/ustvarijalci_306px_469px-246x377.png 246w\" sizes=\"(max-width: 306px) 100vw, 306px\" \/><\/a><\/p>\n<p style=\"text-align: justify;\"><div class=\"divider\"><\/div>\n","protected":false},"excerpt":{"rendered":"","protected":false},"author":1,"featured_media":0,"parent":14,"menu_order":0,"comment_status":"closed","ping_status":"open","template":"","meta":[],"_links":{"self":[{"href":"https:\/\/hisaizrocila.si\/sl\/wp-json\/wp\/v2\/pages\/1231"}],"collection":[{"href":"https:\/\/hisaizrocila.si\/sl\/wp-json\/wp\/v2\/pages"}],"about":[{"href":"https:\/\/hisaizrocila.si\/sl\/wp-json\/wp\/v2\/types\/page"}],"author":[{"embeddable":true,"href":"https:\/\/hisaizrocila.si\/sl\/wp-json\/wp\/v2\/users\/1"}],"replies":[{"embeddable":true,"href":"https:\/\/hisaizrocila.si\/sl\/wp-json\/wp\/v2\/comments?post=1231"}],"version-history":[{"count":62,"href":"https:\/\/hisaizrocila.si\/sl\/wp-json\/wp\/v2\/pages\/1231\/revisions"}],"predecessor-version":[{"id":1495,"href":"https:\/\/hisaizrocila.si\/sl\/wp-json\/wp\/v2\/pages\/1231\/revisions\/1495"}],"up":[{"embeddable":true,"href":"https:\/\/hisaizrocila.si\/sl\/wp-json\/wp\/v2\/pages\/14"}],"wp:attachment":[{"href":"https:\/\/hisaizrocila.si\/sl\/wp-json\/wp\/v2\/media?parent=1231"}],"curies":[{"name":"wp","href":"https:\/\/api.w.org\/{rel}","templated":true}]}}