{"id":1331,"date":"2015-02-27T13:09:55","date_gmt":"2015-02-27T11:09:55","guid":{"rendered":"http:\/\/hisaizrocila.si\/?page_id=1331"},"modified":"2015-02-27T13:09:55","modified_gmt":"2015-02-27T11:09:55","slug":"naravna-dediscina","status":"publish","type":"page","link":"https:\/\/hisaizrocila.si\/sl\/ponudba\/naravna-dediscina\/","title":{"rendered":"Naravna dedi\u0161\u010dina"},"content":{"rendered":"<div class=\"one_half \">\n<h2>S kolesom po kra\u0161kih pojavih<\/h2>\n<p style=\"text-align: justify;\">Kolesarska tura po kra\u0161kih pojavih ob spemstvu Mladega \u010duvarja izro\u010dila se pri\u010dne\u00a0v\u00a0Rakovem \u0160kocijanu. Po gozdni poti se vo\u017enja nadaljuje mimo Velikega in Malega naravnega mostu vse do presihajo\u010dega Cerkni\u0161kega jezera. Raznolikost pokrajine ponuja\u00a0kolesarski izziv.<\/p>\n<p style=\"text-align: justify;\"><a href=\"https:\/\/hisaizrocila.si\/wp-content\/uploads\/vodenje-na-kolesu_424px_141px.png\"><img decoding=\"async\" loading=\"lazy\" class=\"alignnone size-full wp-image-1321\" src=\"https:\/\/hisaizrocila.si\/wp-content\/uploads\/vodenje-na-kolesu_424px_141px.png\" alt=\"vodenje na kolesu_424px_141px\" width=\"424\" height=\"141\" srcset=\"https:\/\/hisaizrocila.si\/wp-content\/uploads\/vodenje-na-kolesu_424px_141px.png 424w, https:\/\/hisaizrocila.si\/wp-content\/uploads\/vodenje-na-kolesu_424px_141px-300x100.png 300w, https:\/\/hisaizrocila.si\/wp-content\/uploads\/vodenje-na-kolesu_424px_141px-330x110.png 330w, https:\/\/hisaizrocila.si\/wp-content\/uploads\/vodenje-na-kolesu_424px_141px-86x29.png 86w, https:\/\/hisaizrocila.si\/wp-content\/uploads\/vodenje-na-kolesu_424px_141px-380x126.png 380w, https:\/\/hisaizrocila.si\/wp-content\/uploads\/vodenje-na-kolesu_424px_141px-377x125.png 377w\" sizes=\"(max-width: 424px) 100vw, 424px\" \/><\/a><\/p>\n<\/div>\n<p><a href=\"https:\/\/hisaizrocila.si\/wp-content\/uploads\/vodenje-na-kolesu_306px_469px.png\"><img decoding=\"async\" loading=\"lazy\" class=\"alignnone size-full wp-image-1320\" src=\"https:\/\/hisaizrocila.si\/wp-content\/uploads\/vodenje-na-kolesu_306px_469px.png\" alt=\"vodenje na kolesu_306px_469px\" width=\"306\" height=\"469\" srcset=\"https:\/\/hisaizrocila.si\/wp-content\/uploads\/vodenje-na-kolesu_306px_469px.png 306w, https:\/\/hisaizrocila.si\/wp-content\/uploads\/vodenje-na-kolesu_306px_469px-196x300.png 196w, https:\/\/hisaizrocila.si\/wp-content\/uploads\/vodenje-na-kolesu_306px_469px-129x198.png 129w, https:\/\/hisaizrocila.si\/wp-content\/uploads\/vodenje-na-kolesu_306px_469px-56x86.png 56w, https:\/\/hisaizrocila.si\/wp-content\/uploads\/vodenje-na-kolesu_306px_469px-228x350.png 228w, https:\/\/hisaizrocila.si\/wp-content\/uploads\/vodenje-na-kolesu_306px_469px-246x377.png 246w\" sizes=\"(max-width: 306px) 100vw, 306px\" \/><\/a><\/p>\n<p style=\"text-align: justify;\"><div class=\"divider\"><\/div>\n<div class=\"one_half \">\n<h2>Vodeni ogled\u00a0Cerkni\u0161kega jezera<\/h2>\n<p style=\"text-align: justify;\">Ob sprehodu po Cerkni\u0161kem polju bo Mladi \u010duvar\u00a0izro\u010dila predstavil zna\u010dilnosti presihajo\u010dega Cerkni\u0161kega jezera in ob enem jezersko kulturo, ki se je razvila v spo\u0161tovanju do narave Cerkni\u0161kega polja.<\/p>\n<p style=\"text-align: justify;\"><a href=\"https:\/\/hisaizrocila.si\/wp-content\/uploads\/vodenje_pojezeru_424px_141px.png\"><img decoding=\"async\" loading=\"lazy\" class=\"alignnone size-full wp-image-1326\" src=\"https:\/\/hisaizrocila.si\/wp-content\/uploads\/vodenje_pojezeru_424px_141px.png\" alt=\"vodenje_pojezeru_424px_141px\" width=\"424\" height=\"141\" srcset=\"https:\/\/hisaizrocila.si\/wp-content\/uploads\/vodenje_pojezeru_424px_141px.png 424w, https:\/\/hisaizrocila.si\/wp-content\/uploads\/vodenje_pojezeru_424px_141px-300x100.png 300w, https:\/\/hisaizrocila.si\/wp-content\/uploads\/vodenje_pojezeru_424px_141px-330x110.png 330w, https:\/\/hisaizrocila.si\/wp-content\/uploads\/vodenje_pojezeru_424px_141px-86x29.png 86w, https:\/\/hisaizrocila.si\/wp-content\/uploads\/vodenje_pojezeru_424px_141px-380x126.png 380w, https:\/\/hisaizrocila.si\/wp-content\/uploads\/vodenje_pojezeru_424px_141px-377x125.png 377w\" sizes=\"(max-width: 424px) 100vw, 424px\" \/><\/a><\/p>\n<\/div>\n<p><a href=\"https:\/\/hisaizrocila.si\/wp-content\/uploads\/vodenje_pojezeru_306px_469px.png\"><img decoding=\"async\" loading=\"lazy\" class=\"alignnone size-full wp-image-1325\" src=\"https:\/\/hisaizrocila.si\/wp-content\/uploads\/vodenje_pojezeru_306px_469px.png\" alt=\"vodenje_pojezeru_306px_469px\" width=\"306\" height=\"469\" srcset=\"https:\/\/hisaizrocila.si\/wp-content\/uploads\/vodenje_pojezeru_306px_469px.png 306w, https:\/\/hisaizrocila.si\/wp-content\/uploads\/vodenje_pojezeru_306px_469px-196x300.png 196w, https:\/\/hisaizrocila.si\/wp-content\/uploads\/vodenje_pojezeru_306px_469px-129x198.png 129w, https:\/\/hisaizrocila.si\/wp-content\/uploads\/vodenje_pojezeru_306px_469px-56x86.png 56w, https:\/\/hisaizrocila.si\/wp-content\/uploads\/vodenje_pojezeru_306px_469px-228x350.png 228w, https:\/\/hisaizrocila.si\/wp-content\/uploads\/vodenje_pojezeru_306px_469px-246x377.png 246w\" sizes=\"(max-width: 306px) 100vw, 306px\" \/><\/a><\/p>\n<p style=\"text-align: justify;\"><div class=\"divider\"><\/div>\n<div class=\"one_half \">\n<h2>Opazovanje ptic<\/h2>\n<p style=\"text-align: justify;\">Notranjski regijski park je dom \u0161tevilnih ptic med njimi lahko najdemo\u00a0ve\u010d kot 250 razli\u010dnih vrst. Od teh jih ve\u010d kot 100\u00a0vrst gnezdi pri nas. Med temi lahko spomladi opazimo in sli\u0161imo\u00a0globalno ogro\u017eenega kosca in \u0161tevilne druge za\u0161\u010ditene vrste. Ob son\u010dnem\u00a0vzhodu bo\u00a0\u00a0poznavalec ptic razkril svet notranjskih ptic.<\/p>\n<p style=\"text-align: justify;\"><a href=\"https:\/\/hisaizrocila.si\/wp-content\/uploads\/opazovanje_ptic_424px_141px.png\"><img decoding=\"async\" loading=\"lazy\" class=\"alignnone size-full wp-image-1301\" src=\"https:\/\/hisaizrocila.si\/wp-content\/uploads\/opazovanje_ptic_424px_141px.png\" alt=\"opazovanje_ptic_424px_141px\" width=\"424\" height=\"141\" srcset=\"https:\/\/hisaizrocila.si\/wp-content\/uploads\/opazovanje_ptic_424px_141px.png 424w, https:\/\/hisaizrocila.si\/wp-content\/uploads\/opazovanje_ptic_424px_141px-300x100.png 300w, https:\/\/hisaizrocila.si\/wp-content\/uploads\/opazovanje_ptic_424px_141px-330x110.png 330w, https:\/\/hisaizrocila.si\/wp-content\/uploads\/opazovanje_ptic_424px_141px-86x29.png 86w, https:\/\/hisaizrocila.si\/wp-content\/uploads\/opazovanje_ptic_424px_141px-380x126.png 380w, https:\/\/hisaizrocila.si\/wp-content\/uploads\/opazovanje_ptic_424px_141px-377x125.png 377w\" sizes=\"(max-width: 424px) 100vw, 424px\" \/><\/a><\/p>\n<\/div>\n<p><a href=\"https:\/\/hisaizrocila.si\/wp-content\/uploads\/opazovanje_ptic_306px_469px.png\"><img decoding=\"async\" loading=\"lazy\" class=\"alignnone size-full wp-image-1300\" src=\"https:\/\/hisaizrocila.si\/wp-content\/uploads\/opazovanje_ptic_306px_469px.png\" alt=\"opazovanje_ptic_306px_469px\" width=\"306\" height=\"469\" srcset=\"https:\/\/hisaizrocila.si\/wp-content\/uploads\/opazovanje_ptic_306px_469px.png 306w, https:\/\/hisaizrocila.si\/wp-content\/uploads\/opazovanje_ptic_306px_469px-196x300.png 196w, https:\/\/hisaizrocila.si\/wp-content\/uploads\/opazovanje_ptic_306px_469px-129x198.png 129w, https:\/\/hisaizrocila.si\/wp-content\/uploads\/opazovanje_ptic_306px_469px-56x86.png 56w, https:\/\/hisaizrocila.si\/wp-content\/uploads\/opazovanje_ptic_306px_469px-228x350.png 228w, https:\/\/hisaizrocila.si\/wp-content\/uploads\/opazovanje_ptic_306px_469px-246x377.png 246w\" sizes=\"(max-width: 306px) 100vw, 306px\" \/><\/a><\/p>\n<p style=\"text-align: justify;\"><div class=\"divider\"><\/div>\n<div class=\"one_half \">\n<h2>Opazovanje divjadi<\/h2>\n<p style=\"text-align: justify;\">V Notranjskem regijskem parku domujejo\u00a0rjavi medvedi, jazbeci, srne\u00a0in jeleni, risi, volki in vidre. Glasen prebivalec notranjskih gozdov je tudi polh. V gozdni svet in opazovalnico vas bo popeljal lokalni lovec.<\/p>\n<p style=\"text-align: justify;\"><a href=\"https:\/\/hisaizrocila.si\/wp-content\/uploads\/opazovanje_divjadi_424px_141px.png\"><img decoding=\"async\" loading=\"lazy\" class=\"alignnone size-full wp-image-1299\" src=\"https:\/\/hisaizrocila.si\/wp-content\/uploads\/opazovanje_divjadi_424px_141px.png\" alt=\"opazovanje_divjadi_424px_141px\" width=\"424\" height=\"141\" srcset=\"https:\/\/hisaizrocila.si\/wp-content\/uploads\/opazovanje_divjadi_424px_141px.png 424w, https:\/\/hisaizrocila.si\/wp-content\/uploads\/opazovanje_divjadi_424px_141px-300x100.png 300w, https:\/\/hisaizrocila.si\/wp-content\/uploads\/opazovanje_divjadi_424px_141px-330x110.png 330w, https:\/\/hisaizrocila.si\/wp-content\/uploads\/opazovanje_divjadi_424px_141px-86x29.png 86w, https:\/\/hisaizrocila.si\/wp-content\/uploads\/opazovanje_divjadi_424px_141px-380x126.png 380w, https:\/\/hisaizrocila.si\/wp-content\/uploads\/opazovanje_divjadi_424px_141px-377x125.png 377w\" sizes=\"(max-width: 424px) 100vw, 424px\" \/><\/a><\/p>\n<\/div>\n<p><a href=\"https:\/\/hisaizrocila.si\/wp-content\/uploads\/opazovanje_divjadi_306px_469px.png\"><img decoding=\"async\" loading=\"lazy\" class=\"alignnone size-full wp-image-1298\" src=\"https:\/\/hisaizrocila.si\/wp-content\/uploads\/opazovanje_divjadi_306px_469px.png\" alt=\"opazovanje_divjadi_306px_469px\" width=\"306\" height=\"469\" \/><\/a><\/p>\n<p style=\"text-align: justify;\"><div class=\"divider\"><\/div>\n","protected":false},"excerpt":{"rendered":"","protected":false},"author":1,"featured_media":0,"parent":14,"menu_order":0,"comment_status":"closed","ping_status":"open","template":"","meta":[],"_links":{"self":[{"href":"https:\/\/hisaizrocila.si\/sl\/wp-json\/wp\/v2\/pages\/1331"}],"collection":[{"href":"https:\/\/hisaizrocila.si\/sl\/wp-json\/wp\/v2\/pages"}],"about":[{"href":"https:\/\/hisaizrocila.si\/sl\/wp-json\/wp\/v2\/types\/page"}],"author":[{"embeddable":true,"href":"https:\/\/hisaizrocila.si\/sl\/wp-json\/wp\/v2\/users\/1"}],"replies":[{"embeddable":true,"href":"https:\/\/hisaizrocila.si\/sl\/wp-json\/wp\/v2\/comments?post=1331"}],"version-history":[{"count":3,"href":"https:\/\/hisaizrocila.si\/sl\/wp-json\/wp\/v2\/pages\/1331\/revisions"}],"predecessor-version":[{"id":1496,"href":"https:\/\/hisaizrocila.si\/sl\/wp-json\/wp\/v2\/pages\/1331\/revisions\/1496"}],"up":[{"embeddable":true,"href":"https:\/\/hisaizrocila.si\/sl\/wp-json\/wp\/v2\/pages\/14"}],"wp:attachment":[{"href":"https:\/\/hisaizrocila.si\/sl\/wp-json\/wp\/v2\/media?parent=1331"}],"curies":[{"name":"wp","href":"https:\/\/api.w.org\/{rel}","templated":true}]}}