{"id":1334,"date":"2015-02-25T15:54:13","date_gmt":"2015-02-25T13:54:13","guid":{"rendered":"http:\/\/hisaizrocila.si\/?page_id=1334"},"modified":"2015-03-05T12:27:22","modified_gmt":"2015-03-05T10:27:22","slug":"team-building","status":"publish","type":"page","link":"https:\/\/hisaizrocila.si\/sl\/ponudba\/team-building\/","title":{"rendered":"Team-building"},"content":{"rendered":"<div class=\"one_half \">\n<h2>Izdelovanje \u010dolna<\/h2>\n<p style=\"text-align: justify;\">Ve\u0161\u010dina izdelovanja tradicionalnega \u010doln \u00a0se je ohranjala iz roda v rod. Za izdelavo drevaka je bilo potrebno znanje o od izboru avtohtonega drevasa -jelke , oblikovanju lesa in vzdr\u017eevanju. Mladim \u010duvarjem izro\u010dila se boste vklju\u010dili v del procesa\u00a0izdelovanja drevaka, ki bo zahteval medsebojno sodelovanje,iznajdljivost veliko ro\u010dnih spretnosti in dobre volje.<\/p>\n<p style=\"text-align: justify;\">\n<p style=\"text-align: justify;\"><a href=\"https:\/\/hisaizrocila.si\/wp-content\/uploads\/izdelovanje_colna_424px_141px.png\"><img decoding=\"async\" loading=\"lazy\" class=\"alignnone size-full wp-image-1291\" src=\"https:\/\/hisaizrocila.si\/wp-content\/uploads\/izdelovanje_colna_424px_141px.png\" alt=\"izdelovanje_colna_424px_141px\" width=\"424\" height=\"141\" srcset=\"https:\/\/hisaizrocila.si\/wp-content\/uploads\/izdelovanje_colna_424px_141px.png 424w, https:\/\/hisaizrocila.si\/wp-content\/uploads\/izdelovanje_colna_424px_141px-300x100.png 300w, https:\/\/hisaizrocila.si\/wp-content\/uploads\/izdelovanje_colna_424px_141px-330x110.png 330w, https:\/\/hisaizrocila.si\/wp-content\/uploads\/izdelovanje_colna_424px_141px-86x29.png 86w, https:\/\/hisaizrocila.si\/wp-content\/uploads\/izdelovanje_colna_424px_141px-380x126.png 380w, https:\/\/hisaizrocila.si\/wp-content\/uploads\/izdelovanje_colna_424px_141px-377x125.png 377w\" sizes=\"(max-width: 424px) 100vw, 424px\" \/><\/a><\/p>\n<\/div>\n<p><a href=\"https:\/\/hisaizrocila.si\/wp-content\/uploads\/izdelovanje_colna_306px_469px.png\"><img decoding=\"async\" loading=\"lazy\" class=\"alignnone size-full wp-image-1290\" src=\"https:\/\/hisaizrocila.si\/wp-content\/uploads\/izdelovanje_colna_306px_469px.png\" alt=\"izdelovanje_colna_306px_469px\" width=\"306\" height=\"469\" srcset=\"https:\/\/hisaizrocila.si\/wp-content\/uploads\/izdelovanje_colna_306px_469px.png 306w, https:\/\/hisaizrocila.si\/wp-content\/uploads\/izdelovanje_colna_306px_469px-196x300.png 196w, https:\/\/hisaizrocila.si\/wp-content\/uploads\/izdelovanje_colna_306px_469px-129x198.png 129w, https:\/\/hisaizrocila.si\/wp-content\/uploads\/izdelovanje_colna_306px_469px-56x86.png 56w, https:\/\/hisaizrocila.si\/wp-content\/uploads\/izdelovanje_colna_306px_469px-228x350.png 228w, https:\/\/hisaizrocila.si\/wp-content\/uploads\/izdelovanje_colna_306px_469px-246x377.png 246w\" sizes=\"(max-width: 306px) 100vw, 306px\" \/><\/a><\/p>\n<p style=\"text-align: justify;\"><div class=\"divider\"><\/div>\n<div class=\"one_half \">\n<h2>Veslanje\u00a0drevaka<\/h2>\n<p style=\"text-align: justify;\">Do dana\u0161njih dni \u00a0je na \u00a0Cerkni\u0161kem jezeru \u00a0najmanj od \u010dasa Valvasorja (1641-1693) \u00a0v funkciji tradicionalni \u010doln drevak. Jezerski \u010dlovek je zaradi specifik Cerkni\u0161kega jezera in njegovega razgibanega dna \u00a0prilagodil tudi na\u010din veslanja \u010dolna.\u00a0 Veslanje drevaka je izjemna ve\u0161\u010dina, ki \u00a0predstavlja izziv za vse udele\u017eence.\u00a0Preizku\u0161nja\u00a0je usmerjena k\u00a0razvoju medsebojnega zaupanju. Skupina pa bo ob enem razvila tudi cooperativne sposobnosti.<\/p>\n<p style=\"text-align: justify;\"><a href=\"https:\/\/hisaizrocila.si\/wp-content\/uploads\/veslanje_424px_141px.png\"><img decoding=\"async\" loading=\"lazy\" class=\"alignnone size-full wp-image-1319\" src=\"https:\/\/hisaizrocila.si\/wp-content\/uploads\/veslanje_424px_141px.png\" alt=\"veslanje_424px_141px\" width=\"424\" height=\"141\" srcset=\"https:\/\/hisaizrocila.si\/wp-content\/uploads\/veslanje_424px_141px.png 424w, https:\/\/hisaizrocila.si\/wp-content\/uploads\/veslanje_424px_141px-300x100.png 300w, https:\/\/hisaizrocila.si\/wp-content\/uploads\/veslanje_424px_141px-330x110.png 330w, https:\/\/hisaizrocila.si\/wp-content\/uploads\/veslanje_424px_141px-86x29.png 86w, https:\/\/hisaizrocila.si\/wp-content\/uploads\/veslanje_424px_141px-380x126.png 380w, https:\/\/hisaizrocila.si\/wp-content\/uploads\/veslanje_424px_141px-377x125.png 377w\" sizes=\"(max-width: 424px) 100vw, 424px\" \/><\/a><\/p>\n<\/div>\n<p><a href=\"https:\/\/hisaizrocila.si\/wp-content\/uploads\/veslanje_306px_469px.png\"><img decoding=\"async\" loading=\"lazy\" class=\"alignnone size-full wp-image-1318\" src=\"https:\/\/hisaizrocila.si\/wp-content\/uploads\/veslanje_306px_469px.png\" alt=\"veslanje_306px_469px\" width=\"306\" height=\"469\" srcset=\"https:\/\/hisaizrocila.si\/wp-content\/uploads\/veslanje_306px_469px.png 306w, https:\/\/hisaizrocila.si\/wp-content\/uploads\/veslanje_306px_469px-196x300.png 196w, https:\/\/hisaizrocila.si\/wp-content\/uploads\/veslanje_306px_469px-129x198.png 129w, https:\/\/hisaizrocila.si\/wp-content\/uploads\/veslanje_306px_469px-56x86.png 56w, https:\/\/hisaizrocila.si\/wp-content\/uploads\/veslanje_306px_469px-228x350.png 228w, https:\/\/hisaizrocila.si\/wp-content\/uploads\/veslanje_306px_469px-246x377.png 246w\" sizes=\"(max-width: 306px) 100vw, 306px\" \/><\/a><\/p>\n<p style=\"text-align: justify;\"><div class=\"divider\"><\/div>\n<div class=\"one_half \">\n<h2>Puljenje lanu<\/h2>\n<p style=\"text-align: justify;\">Puljenje lanu je bil neko\u010d\u00a0dogodek\u00a0na kateremu se je prepletalo delo in dru\u017eenje, pri katerem je pomagala cela vas. S\u00a0skupnimi mo\u010dmi in ob vodenju mladega \u010duvarja izro\u010dila se bomo lotili poljedeljstva. Na roke bomo populili lan in ga povezali\u00a0v snope, ter posu\u0161ili.<\/p>\n<p style=\"text-align: justify;\"><a href=\"https:\/\/hisaizrocila.si\/wp-content\/uploads\/puljenje_lanu_424px_141px.png\"><img decoding=\"async\" loading=\"lazy\" class=\"alignnone size-full wp-image-1307\" src=\"https:\/\/hisaizrocila.si\/wp-content\/uploads\/puljenje_lanu_424px_141px.png\" alt=\"puljenje_lanu_424px_141px\" width=\"424\" height=\"141\" srcset=\"https:\/\/hisaizrocila.si\/wp-content\/uploads\/puljenje_lanu_424px_141px.png 424w, https:\/\/hisaizrocila.si\/wp-content\/uploads\/puljenje_lanu_424px_141px-300x100.png 300w, https:\/\/hisaizrocila.si\/wp-content\/uploads\/puljenje_lanu_424px_141px-330x110.png 330w, https:\/\/hisaizrocila.si\/wp-content\/uploads\/puljenje_lanu_424px_141px-86x29.png 86w, https:\/\/hisaizrocila.si\/wp-content\/uploads\/puljenje_lanu_424px_141px-380x126.png 380w, https:\/\/hisaizrocila.si\/wp-content\/uploads\/puljenje_lanu_424px_141px-377x125.png 377w\" sizes=\"(max-width: 424px) 100vw, 424px\" \/><\/a><\/p>\n<\/div>\n<p><a href=\"https:\/\/hisaizrocila.si\/wp-content\/uploads\/puljenje_lanu_306px_469px.png\"><img decoding=\"async\" loading=\"lazy\" class=\"alignnone size-full wp-image-1306\" src=\"https:\/\/hisaizrocila.si\/wp-content\/uploads\/puljenje_lanu_306px_469px.png\" alt=\"puljenje_lanu_306px_469px\" width=\"306\" height=\"469\" srcset=\"https:\/\/hisaizrocila.si\/wp-content\/uploads\/puljenje_lanu_306px_469px.png 306w, https:\/\/hisaizrocila.si\/wp-content\/uploads\/puljenje_lanu_306px_469px-196x300.png 196w, https:\/\/hisaizrocila.si\/wp-content\/uploads\/puljenje_lanu_306px_469px-129x198.png 129w, https:\/\/hisaizrocila.si\/wp-content\/uploads\/puljenje_lanu_306px_469px-56x86.png 56w, https:\/\/hisaizrocila.si\/wp-content\/uploads\/puljenje_lanu_306px_469px-228x350.png 228w, https:\/\/hisaizrocila.si\/wp-content\/uploads\/puljenje_lanu_306px_469px-246x377.png 246w\" sizes=\"(max-width: 306px) 100vw, 306px\" \/><\/a><\/p>\n<p style=\"text-align: justify;\"><div class=\"divider\"><\/div>\n<div class=\"one_half \">\n<h2>Trenje lanu<\/h2>\n<p style=\"text-align: justify;\">Tu\u010dnja in trenje lanu je v jesenskem \u010dasu predstavljalo\u00a0prazni\u010dni dogodek na katrem poleg dela ni manjkalo \u0161aljivk, pripovedk pesmi in plesa.\u00a0Postopek tu\u010dnje in teritve bo izziv za\u00a0pare, ki se bodo morali medsebojno\u00a0vzkladiti in delovati sinhrono.<\/p>\n<p style=\"text-align: justify;\"><a href=\"https:\/\/hisaizrocila.si\/wp-content\/uploads\/trenje_lanu_424px_141px.png\"><img decoding=\"async\" loading=\"lazy\" class=\"alignnone size-full wp-image-1315\" src=\"https:\/\/hisaizrocila.si\/wp-content\/uploads\/trenje_lanu_424px_141px.png\" alt=\"trenje_lanu_424px_141px\" width=\"424\" height=\"141\" srcset=\"https:\/\/hisaizrocila.si\/wp-content\/uploads\/trenje_lanu_424px_141px.png 424w, https:\/\/hisaizrocila.si\/wp-content\/uploads\/trenje_lanu_424px_141px-300x100.png 300w, https:\/\/hisaizrocila.si\/wp-content\/uploads\/trenje_lanu_424px_141px-330x110.png 330w, https:\/\/hisaizrocila.si\/wp-content\/uploads\/trenje_lanu_424px_141px-86x29.png 86w, https:\/\/hisaizrocila.si\/wp-content\/uploads\/trenje_lanu_424px_141px-380x126.png 380w, https:\/\/hisaizrocila.si\/wp-content\/uploads\/trenje_lanu_424px_141px-377x125.png 377w\" sizes=\"(max-width: 424px) 100vw, 424px\" \/><\/a><\/p>\n<\/div>\n<p><a href=\"https:\/\/hisaizrocila.si\/wp-content\/uploads\/trenje_lanu_306px_469px.png\"><img decoding=\"async\" loading=\"lazy\" class=\"alignnone size-full wp-image-1314\" src=\"https:\/\/hisaizrocila.si\/wp-content\/uploads\/trenje_lanu_306px_469px.png\" alt=\"trenje_lanu_306px_469px\" width=\"306\" height=\"469\" srcset=\"https:\/\/hisaizrocila.si\/wp-content\/uploads\/trenje_lanu_306px_469px.png 306w, https:\/\/hisaizrocila.si\/wp-content\/uploads\/trenje_lanu_306px_469px-196x300.png 196w, https:\/\/hisaizrocila.si\/wp-content\/uploads\/trenje_lanu_306px_469px-129x198.png 129w, https:\/\/hisaizrocila.si\/wp-content\/uploads\/trenje_lanu_306px_469px-56x86.png 56w, https:\/\/hisaizrocila.si\/wp-content\/uploads\/trenje_lanu_306px_469px-228x350.png 228w, https:\/\/hisaizrocila.si\/wp-content\/uploads\/trenje_lanu_306px_469px-246x377.png 246w\" sizes=\"(max-width: 306px) 100vw, 306px\" \/><\/a><\/p>\n<p style=\"text-align: justify;\"><div class=\"divider\"><\/div>\n","protected":false},"excerpt":{"rendered":"","protected":false},"author":1,"featured_media":0,"parent":14,"menu_order":0,"comment_status":"closed","ping_status":"closed","template":"","meta":[],"_links":{"self":[{"href":"https:\/\/hisaizrocila.si\/sl\/wp-json\/wp\/v2\/pages\/1334"}],"collection":[{"href":"https:\/\/hisaizrocila.si\/sl\/wp-json\/wp\/v2\/pages"}],"about":[{"href":"https:\/\/hisaizrocila.si\/sl\/wp-json\/wp\/v2\/types\/page"}],"author":[{"embeddable":true,"href":"https:\/\/hisaizrocila.si\/sl\/wp-json\/wp\/v2\/users\/1"}],"replies":[{"embeddable":true,"href":"https:\/\/hisaizrocila.si\/sl\/wp-json\/wp\/v2\/comments?post=1334"}],"version-history":[{"count":4,"href":"https:\/\/hisaizrocila.si\/sl\/wp-json\/wp\/v2\/pages\/1334\/revisions"}],"predecessor-version":[{"id":1563,"href":"https:\/\/hisaizrocila.si\/sl\/wp-json\/wp\/v2\/pages\/1334\/revisions\/1563"}],"up":[{"embeddable":true,"href":"https:\/\/hisaizrocila.si\/sl\/wp-json\/wp\/v2\/pages\/14"}],"wp:attachment":[{"href":"https:\/\/hisaizrocila.si\/sl\/wp-json\/wp\/v2\/media?parent=1334"}],"curies":[{"name":"wp","href":"https:\/\/api.w.org\/{rel}","templated":true}]}}