{"id":1382,"date":"2015-02-27T13:22:40","date_gmt":"2015-02-27T11:22:40","guid":{"rendered":"http:\/\/hisaizrocila.si\/?page_id=1382"},"modified":"2016-06-10T08:23:56","modified_gmt":"2016-06-10T06:23:56","slug":"pustolovcina","status":"publish","type":"page","link":"https:\/\/hisaizrocila.si\/sl\/ponudba\/pustolovcina\/","title":{"rendered":"Programi za \u0161ole in vrtce"},"content":{"rendered":"<p style=\"text-align: justify;\"><img decoding=\"async\" loading=\"lazy\" class=\"  wp-image-1805 alignleft\" src=\"https:\/\/hisaizrocila.si\/wp-content\/uploads\/sole-300x169.png\" alt=\"sole\" width=\"428\" height=\"241\" srcset=\"https:\/\/hisaizrocila.si\/wp-content\/uploads\/sole-300x169.png 300w, https:\/\/hisaizrocila.si\/wp-content\/uploads\/sole-330x186.png 330w, https:\/\/hisaizrocila.si\/wp-content\/uploads\/sole-86x48.png 86w, https:\/\/hisaizrocila.si\/wp-content\/uploads\/sole-380x214.png 380w, https:\/\/hisaizrocila.si\/wp-content\/uploads\/sole-377x212.png 377w, https:\/\/hisaizrocila.si\/wp-content\/uploads\/sole.png 997w\" sizes=\"(max-width: 428px) 100vw, 428px\" \/>Mladi rod je \u017eeljan lepih zgodb in pristnih pesmi. V slovenski de\u017eeli so se ene in druge rodile iz \u017eivljenja mnogih generacij, ki so znale pre\u017eiveti iz lastnih sil in na\u0161e bogate narave. V Hi\u0161i izro\u010dila boste dele\u017eni skrbnega vodenja skozi \u0161tevilne procese dela \u010dlovekove dejavnosti izpred tiso\u010dletij \u2013 od iznajdbe plovila, destiliranja eteri\u010dnega olja, pridobivanja lanu za tkanino in oblikovanja \u017eeleza za vsakdanjo rabo.<\/p>\n<p style=\"text-align: justify;\">Ob vsem tem pa nam bodo najpomembnej\u0161e kultura &#8211; lepa slovenska beseda ter glasba in znanost! Samo na\u010din, kako pojemo, govorimo in kako delujemo iz lastnih ustvarjalnih sil bo na\u0161a klju\u010dna prepoznavnost v sodobnem globaliziranem svetu!<\/p>\n<p style=\"text-align: justify;\">In naravne sile domi\u0161ljije, ki so temelj ustvarjalnosti, se pri otroku lahko razvijejo samo skozi igro v preprostih in pristnih do\u017eivetjih celovitih procesov dela in narave!<br \/>\nDa otrok to lahko do\u017eivi in razvije lastno voljo, pa smo odgovorni odrasli!<\/p>\n<p style=\"text-align: justify;\">Ljoba Jen\u010de<br \/>\nSvobodna umetnica, zbira, poustvarja in pou\u010duje o slovenskem izro\u010dilu doma in po svetu<\/p>\n<h4 style=\"text-align: justify;\">Programe in cenik si lahko ogledate in prenesete<a href=\"https:\/\/hisaizrocila.si\/wp-content\/uploads\/Hi\u0161a-izro\u010dila_programi-nesnovne-kulturne-dedi\u0161\u010dine_2015.pdf\"> tukaj.<\/a><\/h4>\n<p>&nbsp;<\/p>\n","protected":false},"excerpt":{"rendered":"<p>Mladi rod je \u017eeljan lepih zgodb in pristnih pesmi. V slovenski de\u017eeli so se ene in druge rodile iz \u017eivljenja mnogih generacij, ki so znale pre\u017eiveti iz lastnih sil in &#8230;<\/p>\n","protected":false},"author":1,"featured_media":0,"parent":14,"menu_order":0,"comment_status":"closed","ping_status":"closed","template":"","meta":[],"_links":{"self":[{"href":"https:\/\/hisaizrocila.si\/sl\/wp-json\/wp\/v2\/pages\/1382"}],"collection":[{"href":"https:\/\/hisaizrocila.si\/sl\/wp-json\/wp\/v2\/pages"}],"about":[{"href":"https:\/\/hisaizrocila.si\/sl\/wp-json\/wp\/v2\/types\/page"}],"author":[{"embeddable":true,"href":"https:\/\/hisaizrocila.si\/sl\/wp-json\/wp\/v2\/users\/1"}],"replies":[{"embeddable":true,"href":"https:\/\/hisaizrocila.si\/sl\/wp-json\/wp\/v2\/comments?post=1382"}],"version-history":[{"count":11,"href":"https:\/\/hisaizrocila.si\/sl\/wp-json\/wp\/v2\/pages\/1382\/revisions"}],"predecessor-version":[{"id":1817,"href":"https:\/\/hisaizrocila.si\/sl\/wp-json\/wp\/v2\/pages\/1382\/revisions\/1817"}],"up":[{"embeddable":true,"href":"https:\/\/hisaizrocila.si\/sl\/wp-json\/wp\/v2\/pages\/14"}],"wp:attachment":[{"href":"https:\/\/hisaizrocila.si\/sl\/wp-json\/wp\/v2\/media?parent=1382"}],"curies":[{"name":"wp","href":"https:\/\/api.w.org\/{rel}","templated":true}]}}