{"id":14,"date":"2014-08-15T23:04:26","date_gmt":"2014-08-15T23:04:26","guid":{"rendered":"http:\/\/svetlomodro.si\/hisa\/?page_id=14"},"modified":"2015-03-05T12:28:06","modified_gmt":"2015-03-05T10:28:06","slug":"ponudba","status":"publish","type":"page","link":"https:\/\/hisaizrocila.si\/sl\/ponudba\/","title":{"rendered":"PONUDBA"},"content":{"rendered":"<div class=\"one_third \">\n<p style=\"text-align: justify;\">Notranjska je kot tihotno zeleno srce Slovenije, ki v svojih nedrjih skriva zaklade narave in \u010dlove\u0161kih rok. \u010clovek v tem prostoru je \u0161e vedno preprost, zaradi bli\u017eine nekdanje meje tudi zadr\u017ean do obiskovalcev, a ko se udoma\u010di\u0161 s njim, ti razkrije du\u0161o, ki je ne bo\u0161 pozabil. V Hi\u0161i izro\u010dila skrbimo, da bi se to bogastvo notranjskega izro\u010dila ne izgubilo in \u0161tevilne dejavnosti dokumentiramo in v stiku z nosilci dedi\u0161\u010dine razvijamo metodo prenosa na mlade generacije.Otrokom pribli\u017eamo dejavnosti skozi igro, petje, pripovedovanje zgodb in izku\u0161njo z naravnimi materiali in <\/div>\n<div class=\"one_third \">\n<p style=\"text-align: justify;\">okoljem ter jih pove\u017eemo s starej\u0161imi nosilci-mojstri. Odraslim pa dedi\u0161\u010dino poka\u017eemo in jih vpeljemo v do\u017eivljanje z aktivno udele\u017ebo pri dejavnostih, kot so lanarstvo, izdelovanje in veslanje drevaka, ko\u0161nja tr\u0161ce, kovanje \u017eebljev, prepevanje ljudskih pesmi in u\u010denje pripovedovanja zgodb.Ker je na\u0161a lokacija \u017ee sama po sebi naravna in kulturna dedi\u0161\u010dina,\u00a0 saj\u00a0 je tu ve\u010d kot sto let delovala tovarna eteri\u010dnih olj in nas obdaja \u010dudovita narava Cerkni\u0161kega jezera.<\/p>\n<\/div> <div class=\"one_third \"><\/div>\n<h4>\u00a0Programe smo prilagodili za:<\/h4>\n<ul>\n<li>kongresne goste<\/li>\n<li>podjetja<\/li>\n<li>posameznike in skupine<\/li>\n<li>\u0161ole in vrtce<\/li>\n<\/ul>\n<div class=\"divider\"><\/div>\n<h3>PROGRAMI:<\/h3>\n<h3><a href=\"https:\/\/hisaizrocila.si\/sl\/ponudba\/kulturna-dediscina\/\">Kulturna dedi\u0161\u010dina<\/a><\/h3>\n<h3><a href=\"https:\/\/hisaizrocila.si\/sl\/ponudba\/naravna-dediscina\/\">Naravna dedi\u0161\u010dina<\/a><\/h3>\n<h3><a href=\"https:\/\/hisaizrocila.si\/sl\/ponudba\/team-building\/\">Team-building<\/a><\/h3>\n<h3><a href=\"https:\/\/hisaizrocila.si\/sl\/ponudba\/pustolovcina\/\">Pustolovski<\/a><\/h3>\n<h3><a href=\"https:\/\/hisaizrocila.si\/sl\/ponudba\/dobropocutje\/\">Dobrop\u010dutje<\/a><\/h3>\n","protected":false},"excerpt":{"rendered":"<p>\u00a0Programe smo prilagodili za: kongresne goste podjetja posameznike in skupine \u0161ole in vrtce PROGRAMI: Kulturna dedi\u0161\u010dina Naravna dedi\u0161\u010dina Team-building Pustolovski Dobrop\u010dutje<\/p>\n","protected":false},"author":1,"featured_media":0,"parent":0,"menu_order":0,"comment_status":"open","ping_status":"open","template":"","meta":[],"_links":{"self":[{"href":"https:\/\/hisaizrocila.si\/sl\/wp-json\/wp\/v2\/pages\/14"}],"collection":[{"href":"https:\/\/hisaizrocila.si\/sl\/wp-json\/wp\/v2\/pages"}],"about":[{"href":"https:\/\/hisaizrocila.si\/sl\/wp-json\/wp\/v2\/types\/page"}],"author":[{"embeddable":true,"href":"https:\/\/hisaizrocila.si\/sl\/wp-json\/wp\/v2\/users\/1"}],"replies":[{"embeddable":true,"href":"https:\/\/hisaizrocila.si\/sl\/wp-json\/wp\/v2\/comments?post=14"}],"version-history":[{"count":27,"href":"https:\/\/hisaizrocila.si\/sl\/wp-json\/wp\/v2\/pages\/14\/revisions"}],"predecessor-version":[{"id":1564,"href":"https:\/\/hisaizrocila.si\/sl\/wp-json\/wp\/v2\/pages\/14\/revisions\/1564"}],"wp:attachment":[{"href":"https:\/\/hisaizrocila.si\/sl\/wp-json\/wp\/v2\/media?parent=14"}],"curies":[{"name":"wp","href":"https:\/\/api.w.org\/{rel}","templated":true}]}}