{"id":475,"date":"2014-08-27T07:43:50","date_gmt":"2014-08-27T07:43:50","guid":{"rendered":"http:\/\/hisaizrocila.si\/?page_id=475"},"modified":"2015-02-27T11:07:55","modified_gmt":"2015-02-27T09:07:55","slug":"mladi-cuvar-izrocila","status":"publish","type":"page","link":"https:\/\/hisaizrocila.si\/sl\/o-nas\/projekti\/mladi-cuvar-izrocila\/","title":{"rendered":"V istem \u010dolnu &#8211; Mladi \u010duvar izro\u010dila"},"content":{"rendered":"<div class=\"one_third \">\n<p style=\"text-align: justify;\">V okviru velikih projektov norve\u0161kega mehanizma je Zavod Pajn prejel letos donacijo za izvedbo programa V istem \u010dolnu-Mladi \u010duvarji izro\u010dila\u00a0 iz podro\u010dja socialne enakosti. V obdobju 2014 \u2013 16 bo izvedel dokumentiranje nesnovne kulturne dedi\u0161\u010dine na Cerkni\u0161kem polju za podro\u010dje drevaka, lanarstva, eteri\u010dnih olj, kova\u0161tva, ljudske glasbe ter pripovedovanja. Svoj model in metodo prenosa bo udejanjal s partnerji iz Norve\u0161ke MUHO- Museumsenteret, ki so veriga rokodelskih muzejev iz Hordalanda in s Srednjo gozdarsko in lesarsko \u0161olo iz Postojne. Eden najpomembnej\u0161ih sodelavcev je tudi nosilec znanja Anton Lovko (r.1935) iz Dolenjega Jezera, zadnji \u017eive\u010di mojster izdelovanja jezerskega \u010dolna-drevaka, mladi in edini \u00a0kova\u010d na Notranjskem pa je \u0161tudent sodelavec Lenart Perko.<\/div> <div class=\"one_third \">\n<p style=\"text-align: justify;\">Projekt zaposluje dve strokovni sodelavki, omogo\u010da pa sodelovanje ve\u010d prostovoljcev.<\/p>\n<p style=\"text-align: justify;\">Organizirali bomo ve\u010d javnih dogodkov, tudi medkulturne narave, saj \u017eelimo povezati v projektu ranljive skupine, med katere gotovo sodijo tudi priseljeni ljudje iz drugih kultur in se te\u017eje vklju\u010dilo v lokalno skupnost, ki ne pozna njihovega kulturnega jezika.<\/p>\n<p style=\"text-align: justify;\">Ur\u0161a Teli\u010d Miler za podro\u010dje tekstilij razvija sodelovanje z Naravoslovno-tehni\u010dno fakulteto Univerze v Ljubljani in pripravlja s \u0161tudentkami razstavo, Helena Vi\u010di\u010d, zgodovinarka pa z lokalnimi vodniki mre\u017eo sodelavcev za vodenja in destilarno.<\/p>\n<p style=\"text-align: justify;\">Projekt \u017eeli usposobiti 8 Mladih \u010duvarjev izro\u010dila, ki bi bili ve\u0161\u010di vsaj <\/div>\n<p style=\"text-align: justify;\">ene dejavnosti, ki je \u017eivela na Notranjskem in bi znali sprejemati tudi skupine obiskovalcev Cerkni\u0161kega jezera za podro\u010dje dedi\u0161\u010dine.<\/p>\n<p style=\"text-align: justify;\">Ljoba Jen\u010de vodja in mentor projekta pa pripravlja priro\u010dnik za prepoznavanje nesnovne kulturne dedi\u0161\u010dine na Notranjskem.<\/p>\n<p style=\"text-align: justify;\">Vse tri sodelavke projekta so bile \u017ee na usposabljanju na Norve\u0161kem.<\/p>\n<p style=\"text-align: justify;\">\n<p style=\"text-align: justify;\">\n<p style=\"text-align: justify;\"><a href=\"https:\/\/hisaizrocila.si\/wp-content\/uploads\/eea_grants_logo.png\"><img decoding=\"async\" loading=\"lazy\" class=\"alignnone  wp-image-537\" src=\"https:\/\/hisaizrocila.si\/wp-content\/uploads\/eea_grants_logo-300x95.png\" alt=\"eea_grants_logo\" width=\"152\" height=\"48\" srcset=\"https:\/\/hisaizrocila.si\/wp-content\/uploads\/eea_grants_logo-300x95.png 300w, https:\/\/hisaizrocila.si\/wp-content\/uploads\/eea_grants_logo-1024x325.png 1024w, https:\/\/hisaizrocila.si\/wp-content\/uploads\/eea_grants_logo-330x104.png 330w\" sizes=\"(max-width: 152px) 100vw, 152px\" \/><\/a><\/p>\n","protected":false},"excerpt":{"rendered":"<p>ene dejavnosti, ki je \u017eivela na Notranjskem in bi znali sprejemati tudi skupine obiskovalcev Cerkni\u0161kega jezera za podro\u010dje dedi\u0161\u010dine. Ljoba Jen\u010de vodja in mentor projekta pa pripravlja priro\u010dnik za prepoznavanje &#8230;<\/p>\n","protected":false},"author":1,"featured_media":0,"parent":96,"menu_order":0,"comment_status":"open","ping_status":"open","template":"","meta":[],"_links":{"self":[{"href":"https:\/\/hisaizrocila.si\/sl\/wp-json\/wp\/v2\/pages\/475"}],"collection":[{"href":"https:\/\/hisaizrocila.si\/sl\/wp-json\/wp\/v2\/pages"}],"about":[{"href":"https:\/\/hisaizrocila.si\/sl\/wp-json\/wp\/v2\/types\/page"}],"author":[{"embeddable":true,"href":"https:\/\/hisaizrocila.si\/sl\/wp-json\/wp\/v2\/users\/1"}],"replies":[{"embeddable":true,"href":"https:\/\/hisaizrocila.si\/sl\/wp-json\/wp\/v2\/comments?post=475"}],"version-history":[{"count":18,"href":"https:\/\/hisaizrocila.si\/sl\/wp-json\/wp\/v2\/pages\/475\/revisions"}],"predecessor-version":[{"id":1476,"href":"https:\/\/hisaizrocila.si\/sl\/wp-json\/wp\/v2\/pages\/475\/revisions\/1476"}],"up":[{"embeddable":true,"href":"https:\/\/hisaizrocila.si\/sl\/wp-json\/wp\/v2\/pages\/96"}],"wp:attachment":[{"href":"https:\/\/hisaizrocila.si\/sl\/wp-json\/wp\/v2\/media?parent=475"}],"curies":[{"name":"wp","href":"https:\/\/api.w.org\/{rel}","templated":true}]}}