{"id":7,"date":"2014-08-15T23:03:54","date_gmt":"2014-08-15T23:03:54","guid":{"rendered":"http:\/\/svetlomodro.si\/hisa\/?page_id=7"},"modified":"2015-02-27T11:02:53","modified_gmt":"2015-02-27T09:02:53","slug":"tradicija","status":"publish","type":"page","link":"https:\/\/hisaizrocila.si\/sl\/tradicija\/","title":{"rendered":"TRADICIJA"},"content":{"rendered":"<div class=\"one_third \">\n<p style=\"text-align: justify;\">Tradicija je \u017eiva sila, ki obve\u0161\u010da sedanjost o vrednotah, ki trajajo!Igor Fjodorovi\u010d Stravinski, ruski skladatelj ( 1882-1971).Znanja o \u010dlovekovih rokodelskih in drugih dejavnostih, \u0161ege in navade, verovanja, prakse, glasba, pripovedi, ki\u00a0 jih je \u010dlovek\u00a0 v skupnosti razvijal iz roda v rod skozi stoletja za svoje pre\u017eivetje in ob tem oblikoval lastno kulturo in duhovnost so temeljno zanimanje sodelavcev Hi\u0161e izro\u010dila, ki zaklad \u010dlove\u0161ke tradicije na Cerkni\u0161kem polju dokumentira in skrbi s svojo metodo za prenos ve\u0161\u010din iz starej\u0161e generacije na mlade.\u00a0 V ta namen je prejel donacijo norve\u0161kega mehanizma in izvaja program V ISTEM \u010cOLNU &#8211; MLADI \u010cUVARJI IZRO\u010cILA v obdobju 2014-16.Nov izraz za zaklade \u010dlove\u0161ke tradicije je uvedel UNESCO s konvencijo o varovanju nesnovne kulturne dedi\u0161\u010dine leta 2003.<\/div>\n<div class=\"one_third \">\n<p style=\"text-align: justify;\">Slovenija jo je ratificirala leta 2008 in jo vklju\u010dila v novo nastali Zakon o varstvu kulturne dedi\u0161\u010dine, ki je pred tem vklju\u010deval le nepremi\u010dno in premi\u010dno kulturno dedi\u0161\u010dino.Nesnovne dobrine so prakse, predstavitve, izrazi, znanja, ve\u0161\u010dine in z njimi povezane premi\u010dnine in kulturni prostori, kjer se ta dedi\u0161\u010dina predstavlja ali izra\u017ea, ki jih skupnosti in skupine in v\u010dasih tudi posamezniki prena\u0161ajo iz roda v rod in jih nenehno poustvarjajo kot odziv na svoje okolje, naravo in zgodovino.<\/p>\n<\/div> <div class=\"one_third \">\n<p style=\"text-align: justify;\">Nesnovna kulturna dedi\u0161\u010dina zagotavlja ob\u010dutek identitete in neprekinjenosti s prej\u0161njimi generacijami\u00a0 vsakega in vseh ter spodbujajo spo\u0161tovanje do kulturne raznolikosti in \u010dlove\u0161ke ustvarjalnosti.[1]\n<\/div> <div class=\"one_third \"><\/div>\n<p style=\"text-align: justify;\">UNESCO v konvenciji poudarja globoko soodvisnost vseh treh elementov in pravi, da so \u010dlovek, ki je dolo\u010deno dedi\u0161\u010dino ustvaril, dedi\u0161\u010dina sama in lokacija, kjer je dedi\u0161\u010dina nastala \u2013 nelo\u010dljivi.Zato je HI\u0160A IZRO\u010cILA spro\u017eila pobudo, da se \u010doln Cerkni\u0161kega jezera \u2013drevak ohrani na izvirni lokaciji Cerkni\u0161kega jezera in nosilec znanj Anton Lovko vpi\u0161e v register nesnovne kulturne dedi\u0161\u010dine, kot tudi Hi\u0161a izro\u010dila kot izvajalec in skrbnik prenosa ve\u0161\u010din na mlade. Vabljeni k ogledu pobude!<\/p>\n<p style=\"text-align: justify;\">Vir:[1] Jerin Anja, Pukl Adela, \u017didov Nena. (2012). PRIRO\u010cNIK o nesnovni kulturni dedi\u0161\u010dini. Ljubljana:SEM<\/p>\n<h4 style=\"text-align: justify;\"><a href=\"https:\/\/hisaizrocila.si\/wp-content\/uploads\/POBUDA-ZA-OHRANITEV-DREVAKA-www.docx\">Pobuda za ohranitev drevaka<\/a><\/h4>\n<p style=\"text-align: justify;\"><div class=\"divider\"><\/div>\n<h3 style=\"text-align: justify;\"><a href=\"https:\/\/hisaizrocila.si\/sl\/tradicija\/tekstil\/\">Tekstil<\/a><\/h3>\n<h3 style=\"text-align: justify;\"><a href=\"https:\/\/hisaizrocila.si\/sl\/tradicija\/drevak\/\">Drevak<\/a><\/h3>\n<h3 style=\"text-align: justify;\"><a title=\"Kova\u0161tvo\" href=\"https:\/\/hisaizrocila.si\/sl\/tradicija\/kovastvo\/\">Kova\u0161tvo<\/a><\/h3>\n<h3 style=\"text-align: justify;\"><a href=\"https:\/\/hisaizrocila.si\/sl\/tradicija\/oljarna\/\">Oljarna<\/a><\/h3>\n<h3 style=\"text-align: justify;\"><a href=\"https:\/\/hisaizrocila.si\/sl\/tradicija\/pripovedovanje-in-ljudska-glasba\/\">Pripovedovanje in ljudska glasba<\/a><\/h3>\n","protected":false},"excerpt":{"rendered":"<p>UNESCO v konvenciji poudarja globoko soodvisnost vseh treh elementov in pravi, da so \u010dlovek, ki je dolo\u010deno dedi\u0161\u010dino ustvaril, dedi\u0161\u010dina sama in lokacija, kjer je dedi\u0161\u010dina nastala \u2013 nelo\u010dljivi.Zato je &#8230;<\/p>\n","protected":false},"author":1,"featured_media":0,"parent":0,"menu_order":0,"comment_status":"open","ping_status":"closed","template":"","meta":[],"_links":{"self":[{"href":"https:\/\/hisaizrocila.si\/sl\/wp-json\/wp\/v2\/pages\/7"}],"collection":[{"href":"https:\/\/hisaizrocila.si\/sl\/wp-json\/wp\/v2\/pages"}],"about":[{"href":"https:\/\/hisaizrocila.si\/sl\/wp-json\/wp\/v2\/types\/page"}],"author":[{"embeddable":true,"href":"https:\/\/hisaizrocila.si\/sl\/wp-json\/wp\/v2\/users\/1"}],"replies":[{"embeddable":true,"href":"https:\/\/hisaizrocila.si\/sl\/wp-json\/wp\/v2\/comments?post=7"}],"version-history":[{"count":22,"href":"https:\/\/hisaizrocila.si\/sl\/wp-json\/wp\/v2\/pages\/7\/revisions"}],"predecessor-version":[{"id":1473,"href":"https:\/\/hisaizrocila.si\/sl\/wp-json\/wp\/v2\/pages\/7\/revisions\/1473"}],"wp:attachment":[{"href":"https:\/\/hisaizrocila.si\/sl\/wp-json\/wp\/v2\/media?parent=7"}],"curies":[{"name":"wp","href":"https:\/\/api.w.org\/{rel}","templated":true}]}}