{"id":9,"date":"2014-08-15T23:04:07","date_gmt":"2014-08-15T23:04:07","guid":{"rendered":"http:\/\/svetlomodro.si\/hisa\/?page_id=9"},"modified":"2015-02-27T11:06:08","modified_gmt":"2015-02-27T09:06:08","slug":"o-nas","status":"publish","type":"page","link":"https:\/\/hisaizrocila.si\/sl\/o-nas\/","title":{"rendered":"O NAS"},"content":{"rendered":"<div class=\"one_third \">\n<p style=\"text-align: justify;\">Pajn Zavod za sonaravno bivanje je nevladna neprofitna organizacija, ki ima za svoje temeljno delovanje registrirano umetni\u0161ko ustvarjanje in znanstveno raziskovanje na podro\u010dju nesnovne kulturne dedi\u0161\u010dine.Deluje lokalno in globalno. V letu ustanovitve 1994 so na Cerkni\u0161kem jezeru tekli dogovori o razglasitvi biosfernega obmo\u010dja pod UNESCO- vo za\u0161\u010dito, kar je bila bistvena spodbuda za ustanovitev Zavoda Pajn in njegovega delovanja za ohranjanje naravne in kulturne dedi\u0161\u010dine Cerkni\u0161kega polja.Zavod je tako razvil prvi steber delovanja z organizacijo prvega mednarodnega simpozija pravlji\u010darjev pri nas leta 1994 na Kozjaku s spodbudo o\u017eivitve pripovedovanja zgodb na Slovenskem z osvetlitvijo spregledanega duhovnega bogastva korenin slovenskega izro\u010dila z univerzalnimi razse\u017enostmi. U\u010dbenik umetnosti pripovedovanja pravljic\u00a0 in zbornik simpozija pod naslovom: <em>Sedi k meni, povem ti eno pravljico<\/em> (uredila Ljoba Jen\u010de) je iz\u0161el pri Mariborski knji\u017enici l. 2007 in vklju\u010duje 17 \u010dlankov akademskih strokovnjakov, umetnikov<\/div>\n<div class=\"one_third \">\n<p style=\"text-align: justify;\">in likovnih terapevtov.Leta 2013 je prerasel v <a href=\"https:\/\/hisaizrocila.si\/sl\/o-nas\/projekti\/simpozij-parzival\/\"><strong>Mednarodni simpozij pripovedovanja Parziva<\/strong>l<\/a>\u00a0na Ptuju. Drugi steber delovanja Zavoda Pajn\u00a0 je <strong>Hi\u0161a izro\u010dila<\/strong>, ki je registrirana kot blagovna znamka leta 2013 in deluje na lokaciji prve destilarne na Slovenskem v Dolenji vasi ob Cerkni\u0161kem jezeru in se razvija kot izobra\u017eevalni center za nesnovno kulturno dedi\u0161\u010dino.V letu 2014 je Zavod Pajn uspel z razpisom in prejel donacijo norve\u0161kega mehanizma za izvedbo mednarodnega projekta <a href=\"https:\/\/hisaizrocila.si\/sl\/o-nas\/projekti\/mladi-cuvar-izrocila\/\"><strong>V istem \u010dolnu -Mladi \u010duvar izro\u010dila<\/strong><\/a>, ki ga izvaja s partnerji iz Norve\u0161ke in Slovenije v okviru Hi\u0161e\u00a0izro\u010dila .Pajn Zavod za sonaravno bivanje je registriran pri Okrajnem sodi\u0161\u010du 27.5.1994, ima statut in je registriran za dejavnosti izobra\u017eevanja, umetni\u0161kega ustvarjanja, turisti\u010dnih storitev, rokodelskih ve\u0161\u010din, ekolo\u0161kega pridelovanja s certifikatom in drugo.Poteguje se za sredstva na razpisih in s pro\u0161njami za donacije pri dru\u017ebeno odgovornih podjetjih.<\/p>\n<\/div> <div class=\"one_third \"><\/div>\n<p style=\"text-align: justify;\">[1] <strong>Pan<\/strong> (<em>gr\u0161. \u03a0\u03ac\u03bd, lat. Pan)<\/em> je v gr\u0161ki mitologijibog divjine, gozda, pastirjev, \u010dred, pa\u0161nikov, lova in pastoralne glasbe, hkrati pa tudi sopotnik nimfam. Pogosto ga povezujejo z rodovitnostjo in pomladnim letnim \u010dasom.Upodobljen je s kozjimi nogami in rogovi, podobno kot favn in satir. Je sin Hermesa in nimfe Penelope.<\/p>\n<p style=\"text-align: justify;\">[1] <strong>Pan<\/strong> (<em>gr\u0161. \u03a0\u03ac\u03bd, lat. Pan)<\/em> je v gr\u0161ki mitologijibog divjine, gozda, pastirjev, \u010dred, pa\u0161nikov, lova in pastoralne glasbe, hkrati pa tudi sopotnik nimfam. Pogosto ga povezujejo z rodovitnostjo in pomladnim letnim \u010dasom.Upodobljen je s kozjimi nogami in rogovi, podobno kot favn in satir.Je sin Hermesa in nimfe Penelope.<br \/>\n<div class=\"divider\"><\/div>\n<h3 style=\"text-align: justify;\"><a href=\"https:\/\/hisaizrocila.si\/sl\/o-nas\/poslanstvo\/\">Poslanstvo<\/a><\/h3>\n<h3 style=\"text-align: justify;\"><a href=\"https:\/\/hisaizrocila.si\/sl\/o-nas\/projekti\/\">Projekti<\/a><\/h3>\n<h3 style=\"text-align: justify;\"><a href=\"https:\/\/hisaizrocila.si\/sl\/o-nas\/kdo-smo\/\">Kdo smo<\/a><\/h3>\n<h3 style=\"text-align: justify;\"><a href=\"https:\/\/hisaizrocila.si\/sl\/o-nas\/mediji-o-hisi-izrocila\/\">Mediji o Hi\u0161i izro\u010dila<\/a><\/h3>\n<h3><a href=\"https:\/\/hisaizrocila.si\/sl\/o-nas\/pridruzite_se\/\">Pridru\u017eite se nam<\/a><\/h3>\n","protected":false},"excerpt":{"rendered":"<p>[1] Pan (gr\u0161. \u03a0\u03ac\u03bd, lat. Pan) je v gr\u0161ki mitologijibog divjine, gozda, pastirjev, \u010dred, pa\u0161nikov, lova in pastoralne glasbe, hkrati pa tudi sopotnik nimfam. Pogosto ga povezujejo z rodovitnostjo in &#8230;<\/p>\n","protected":false},"author":1,"featured_media":0,"parent":0,"menu_order":0,"comment_status":"open","ping_status":"closed","template":"","meta":[],"_links":{"self":[{"href":"https:\/\/hisaizrocila.si\/sl\/wp-json\/wp\/v2\/pages\/9"}],"collection":[{"href":"https:\/\/hisaizrocila.si\/sl\/wp-json\/wp\/v2\/pages"}],"about":[{"href":"https:\/\/hisaizrocila.si\/sl\/wp-json\/wp\/v2\/types\/page"}],"author":[{"embeddable":true,"href":"https:\/\/hisaizrocila.si\/sl\/wp-json\/wp\/v2\/users\/1"}],"replies":[{"embeddable":true,"href":"https:\/\/hisaizrocila.si\/sl\/wp-json\/wp\/v2\/comments?post=9"}],"version-history":[{"count":23,"href":"https:\/\/hisaizrocila.si\/sl\/wp-json\/wp\/v2\/pages\/9\/revisions"}],"predecessor-version":[{"id":1475,"href":"https:\/\/hisaizrocila.si\/sl\/wp-json\/wp\/v2\/pages\/9\/revisions\/1475"}],"wp:attachment":[{"href":"https:\/\/hisaizrocila.si\/sl\/wp-json\/wp\/v2\/media?parent=9"}],"curies":[{"name":"wp","href":"https:\/\/api.w.org\/{rel}","templated":true}]}}