{"id":94,"date":"2014-08-17T21:53:40","date_gmt":"2014-08-17T21:53:40","guid":{"rendered":"http:\/\/svetlomodro.si\/hisa\/?page_id=94"},"modified":"2015-02-26T04:24:33","modified_gmt":"2015-02-26T02:24:33","slug":"poslanstvo","status":"publish","type":"page","link":"https:\/\/hisaizrocila.si\/sl\/o-nas\/poslanstvo\/","title":{"rendered":"Poslanstvo"},"content":{"rendered":"<div class=\"one_third \">\n<p style=\"text-align: justify;\">Na\u0161e poslanstvo je varovanje nesnovne kulturne in naravne dedi\u0161\u010dine presihajo\u010dega Cerkni\u0161kega\u00a0polja, Notranjske in Slovenije ter prenos \u017eivljenjskih ve\u0161\u010din na Mlade \u010duvarje izro\u010dila.<\/p>\n<p style=\"text-align: justify;\">Narava notranjske pokrajine le\u017ei na sti\u010di\u0161\u010du dinarskega in alpskega sveta. V kotlu, ki ga objema Sne\u017enik s svojimi gozdovi, se v kompleksnem sistemu ponornih jam in estavel nabirajo in pretakajo povr\u0161inske in podzemne vode. Voda s svojo inteligenco o\u010di\u0161\u010duje, poraja in povezuje elementarne \u017eivljenjske mo\u010di celotnega sistema. Gozdni in vodni svet delujeta drug na drugega in v sre\u010danju etrskih sil teh dveh svetov son\u010deva in mese\u010deva lu\u010d sipljeta<\/div><span style=\"line-height: 1.5;\"><div class=\"one_third \">\n<p style=\"text-align: justify;\">posebne barve in srebrnino preko dneva in no\u010di. Tu domujejo \u0161tevilne \u017eivali. Jezero je raj za ptice, v gozdu kraljujeta jelen in medved, v vodi \u0161\u010duka. Na pomlad se \u010dez jezero pne pesem \u017eabje svatbe, septembra jelenov \u017eenitni glas zatrese goro.<\/p>\n<p style=\"text-align: justify;\">Iz avtohtonega drevesa jelke je jezerski \u010dlovek v davnini izdolbel \u010doln, njen les uporabil za opremo doma, izdelavo orodij in z razvojem tehnologije iz njenih vej skuhal celo eteri\u010dno olje.\u00a0 Leta 1894 je v Dolenji vasi pri\u010dela delovati prva destilarna eteri\u010dnega olja na Slovenskem. Leta 2014 vzpostavljamo na tem izjemno lepem kraju ob Cerkni\u0161kem jezeru Hi\u0161o izro\u010dila, izobra\u017eevalni center za nesnovno kulturno dedi\u0161\u010dino.<\/p>\n<\/div>\n<h4>Poslanstvu sledimo z naslednjimi aktivnostmi:<\/h4>\n<ul>\n<li>dokumentiranje nesnovne kulturne dedi\u0161\u010dine in evidentiranje nosilcev<\/li>\n<li>kreativni programi prenosa dedi\u0161\u010dine v poslovne ideje in za osebno dobrobit<\/li>\n<li>varovanje dedi\u0161\u010dine z oblikovanjem predlogov za vpis nosilcev \u00a0v nacionalni in UNESCO-v register nesnovne kulturne dedi\u0161\u010dine<\/li>\n<li>razvoj lastne metode u\u010denja rokodelskih in \u017eivljenjskih ve\u0161\u010din za varovanje naravne in kulturne dedi\u0161\u010dine za vse generacije<\/li>\n<li>razvoj novih produktov z uporabo starih znanj<\/li>\n<li>vzpostavitev muzeja destilarne<\/li>\n<\/ul>\n","protected":false},"excerpt":{"rendered":"<p>Poslanstvu sledimo z naslednjimi aktivnostmi: dokumentiranje nesnovne kulturne dedi\u0161\u010dine in evidentiranje nosilcev kreativni programi prenosa dedi\u0161\u010dine v poslovne ideje in za osebno dobrobit varovanje dedi\u0161\u010dine z oblikovanjem predlogov za vpis &#8230;<\/p>\n","protected":false},"author":1,"featured_media":0,"parent":9,"menu_order":0,"comment_status":"open","ping_status":"open","template":"","meta":[],"_links":{"self":[{"href":"https:\/\/hisaizrocila.si\/sl\/wp-json\/wp\/v2\/pages\/94"}],"collection":[{"href":"https:\/\/hisaizrocila.si\/sl\/wp-json\/wp\/v2\/pages"}],"about":[{"href":"https:\/\/hisaizrocila.si\/sl\/wp-json\/wp\/v2\/types\/page"}],"author":[{"embeddable":true,"href":"https:\/\/hisaizrocila.si\/sl\/wp-json\/wp\/v2\/users\/1"}],"replies":[{"embeddable":true,"href":"https:\/\/hisaizrocila.si\/sl\/wp-json\/wp\/v2\/comments?post=94"}],"version-history":[{"count":20,"href":"https:\/\/hisaizrocila.si\/sl\/wp-json\/wp\/v2\/pages\/94\/revisions"}],"predecessor-version":[{"id":296,"href":"https:\/\/hisaizrocila.si\/sl\/wp-json\/wp\/v2\/pages\/94\/revisions\/296"}],"up":[{"embeddable":true,"href":"https:\/\/hisaizrocila.si\/sl\/wp-json\/wp\/v2\/pages\/9"}],"wp:attachment":[{"href":"https:\/\/hisaizrocila.si\/sl\/wp-json\/wp\/v2\/media?parent=94"}],"curies":[{"name":"wp","href":"https:\/\/api.w.org\/{rel}","templated":true}]}}