{"id":96,"date":"2014-08-17T21:53:56","date_gmt":"2014-08-17T21:53:56","guid":{"rendered":"http:\/\/svetlomodro.si\/hisa\/?page_id=96"},"modified":"2015-04-28T12:38:33","modified_gmt":"2015-04-28T10:38:33","slug":"projekti","status":"publish","type":"page","link":"https:\/\/hisaizrocila.si\/sl\/o-nas\/projekti\/","title":{"rendered":"Projekti"},"content":{"rendered":"<div class=\"one_half \">\n<h3>V istem \u010dolnu &#8211; Mladi \u010duvarji izro\u010dila (2014-2016)<\/h3>\n<p style=\"text-align: justify;\">V letu 2014 je Zavod Pajn prejel donacijo norve\u0161kega mehanizma za izvedbo mednarodnega projekta V istem \u010dolnu &#8211; Mladi \u010duvarji izro\u010dila, katerega namen je prenos znanj in ve\u0161\u010din mojstrov na mlaj\u0161e generacije. V\u00a0Hi\u0161i izro\u010dila, izobra\u017eevalnem centru za nesnovno kulturno dedi\u0161\u010dino razvijamo\u00a0lastno metodo prenosa starih znanj in ve\u0161\u010din na mlade. Sonaravnost je na\u0161 moto za varovanje dedi\u0161\u010dine in okolja za prihodnje rodove. V projektu pokrivamo podro\u010dja: izdelovanja drevaka-tradicionalnega \u010dolna, lanarstvo, destilarna eteri\u010dnih olj\u00a0in\u00a0kova\u0161tvo.<\/p>\n<h4 style=\"text-align: justify;\">Izvajamo:<\/h4>\n<p style=\"text-align: justify;\">. predavanja<br \/>\n. delavnice<br \/>\n. javne dogodke<br \/>\n. sprejemamo skupine<br \/>\n. zbiramo gradivo v Skrinjo znanja<\/p>\n<h4 style=\"text-align: justify;\"><a href=\"https:\/\/hisaizrocila.si\/sl\/o-nas\/projekti\/mladi-cuvar-izrocila\/\">Preberi ve\u010d<\/a><\/h4>\n<h4><a href=\"https:\/\/youtu.be\/NB1DOQ20mb8\">Poglej si video<\/a><\/h4>\n<p>&nbsp;<\/p>\n<p>&nbsp;<\/p>\n<p><a href=\"https:\/\/hisaizrocila.si\/wp-content\/uploads\/eeg_139px_91px.png\"><img decoding=\"async\" loading=\"lazy\" class=\"alignnone size-full wp-image-1457\" src=\"https:\/\/hisaizrocila.si\/wp-content\/uploads\/eeg_139px_91px.png\" alt=\"eeg_139px_91px\" width=\"130\" height=\"91\" srcset=\"https:\/\/hisaizrocila.si\/wp-content\/uploads\/eeg_139px_91px.png 130w, https:\/\/hisaizrocila.si\/wp-content\/uploads\/eeg_139px_91px-86x60.png 86w\" sizes=\"(max-width: 130px) 100vw, 130px\" \/><\/a><\/p>\n<\/div> <a href=\"https:\/\/hisaizrocila.si\/wp-content\/uploads\/izdelovanje_colna_306px_469px.png\"><img decoding=\"async\" loading=\"lazy\" class=\"alignnone size-full wp-image-1290\" src=\"https:\/\/hisaizrocila.si\/wp-content\/uploads\/izdelovanje_colna_306px_469px.png\" alt=\"izdelovanje_colna_306px_469px\" width=\"306\" height=\"469\" srcset=\"https:\/\/hisaizrocila.si\/wp-content\/uploads\/izdelovanje_colna_306px_469px.png 306w, https:\/\/hisaizrocila.si\/wp-content\/uploads\/izdelovanje_colna_306px_469px-196x300.png 196w, https:\/\/hisaizrocila.si\/wp-content\/uploads\/izdelovanje_colna_306px_469px-129x198.png 129w, https:\/\/hisaizrocila.si\/wp-content\/uploads\/izdelovanje_colna_306px_469px-56x86.png 56w, https:\/\/hisaizrocila.si\/wp-content\/uploads\/izdelovanje_colna_306px_469px-228x350.png 228w, https:\/\/hisaizrocila.si\/wp-content\/uploads\/izdelovanje_colna_306px_469px-246x377.png 246w\" sizes=\"(max-width: 306px) 100vw, 306px\" \/><\/a><\/p>\n<p style=\"text-align: justify;\"><div class=\"divider\"><\/div>\n<div class=\"one_half \">\n<h3>Mednarodni simpozij pripovedovanja Parzival<\/h3>\n<p style=\"text-align: justify;\">Simpozij pravlji\u010darjev je bil temeljni kamen ustanovitve zavoda leta 1994 in se je razvil v mednarodno prepoznavno sre\u010danje pripovedovalcev. Leta 2013 so pripotovali iz \u0161tevilnih dr\u017eav sveta na Ptuj, da bi pripovedovali, poslu\u0161ali srednjev\u0161ki ep o Parzivalu in debatirali o pomenu storytellinga kot pomembne sile oblikovanja evropske identitete.<\/p>\n<p style=\"text-align: justify;\">Slovenija le\u017ei v srcu Evrope na sre\u010di\u0161\u010du 4 kulturnih tokov in 4 geografskih enot Alp, Sredozemlja, Panonske ni\u017eine in Dinarskega gorstva in do vseh ima iz sredi\u0161\u010da komaj dobro uro vo\u017enje z avtomobilom. V srednjem veku je bila to lega med gralovskim vzhodom in vite\u0161kim zahodom. Kulturno in zgodovinsko je \u010das pred 800 leti dozorel, da je pesnik Wolfram von Eschenbach nedokon\u010dano pesnitev o Svetem gralu Chretiena de Troya prepesnil in ustvaril popolno kompozicijo 24 800 verzov dolgega epa.<\/p>\n<p style=\"text-align: justify;\">Z izjemno lepoto jezika, duhovno mo\u010djo in neverjetno natan\u010dno zunanjo in notranjo strukturo poje o poti \u010dlovekove preobrazbe od naivne mladosti preko dvoma v univerzalnega \u010dloveka. Kraji na Slovenskem, ki so v njem navedeni, so \u0161e danes prepoznavni (Hajdina, Rogatec, Celje, potok Grajena na Ptuju).<\/p>\n<h4 style=\"text-align: justify;\"><a href=\"https:\/\/hisaizrocila.si\/sl\/o-nas\/projekti\/simpozij-parzival\/\">Preberi ve\u010d<\/a><\/h4>\n<p>&nbsp;<\/p>\n<p><a href=\"https:\/\/hisaizrocila.si\/wp-content\/uploads\/jskd_91px.png\"><img decoding=\"async\" loading=\"lazy\" class=\"alignnone size-full wp-image-1458\" src=\"https:\/\/hisaizrocila.si\/wp-content\/uploads\/jskd_91px.png\" alt=\"jskd_91px\" width=\"91\" height=\"71\" srcset=\"https:\/\/hisaizrocila.si\/wp-content\/uploads\/jskd_91px.png 91w, https:\/\/hisaizrocila.si\/wp-content\/uploads\/jskd_91px-86x67.png 86w\" sizes=\"(max-width: 91px) 100vw, 91px\" \/><\/a><\/p>\n<h4><\/h4>\n<\/div> <a href=\"https:\/\/hisaizrocila.si\/wp-content\/uploads\/parzival_306px_469px.png\"><img decoding=\"async\" loading=\"lazy\" class=\"alignnone size-full wp-image-1456\" src=\"https:\/\/hisaizrocila.si\/wp-content\/uploads\/parzival_306px_469px.png\" alt=\"parzival_306px_469px\" width=\"306\" height=\"469\" srcset=\"https:\/\/hisaizrocila.si\/wp-content\/uploads\/parzival_306px_469px.png 306w, https:\/\/hisaizrocila.si\/wp-content\/uploads\/parzival_306px_469px-196x300.png 196w, https:\/\/hisaizrocila.si\/wp-content\/uploads\/parzival_306px_469px-129x198.png 129w, https:\/\/hisaizrocila.si\/wp-content\/uploads\/parzival_306px_469px-56x86.png 56w, https:\/\/hisaizrocila.si\/wp-content\/uploads\/parzival_306px_469px-228x350.png 228w, https:\/\/hisaizrocila.si\/wp-content\/uploads\/parzival_306px_469px-246x377.png 246w\" sizes=\"(max-width: 306px) 100vw, 306px\" \/><\/a><\/p>\n<p style=\"text-align: justify;\"><div class=\"divider\"><\/div>\n<div class=\"one_half \">\n<h3>Pajn\u010dek &#8211; izobra\u017eevalne delavnice za otroke 2014<\/h3>\n<p style=\"text-align: justify;\">Projekt \u00a0je bil\u00a0zasnovan\u00a0z namenom pribli\u017eati kulturno in naravno dedi\u0161\u010dino Notranjske osnovno\u0161olskim otrokom.Izvedli smo poletne, jesenske in zimske delavnice. Spoznavali ptice, \u010debele, rastline. Obiskali smo kova\u010da, ribi\u010da in\u00a0\u010debelarja. Z poznavalcem ptic smo se sprehodili po Cerkni\u0161kem polju, med zimskimi\u00a0po\u010ditnicami pa smo se spoznali z ljudskimi obi\u010daji in zgodbami.<\/p>\n<p><a href=\"https:\/\/hisaizrocila.si\/wp-content\/uploads\/obcina_cerknica_139px_91px.png\"><img decoding=\"async\" loading=\"lazy\" class=\"alignnone  wp-image-1459\" src=\"https:\/\/hisaizrocila.si\/wp-content\/uploads\/obcina_cerknica_139px_91px.png\" alt=\"obcina_cerknica_139px_91px\" width=\"72\" height=\"81\" \/><\/a><\/p>\n<h4><\/h4>\n<\/div> <a href=\"https:\/\/hisaizrocila.si\/wp-content\/uploads\/pajncek_2_306px_496px.png\"><img decoding=\"async\" loading=\"lazy\" class=\"alignnone size-full wp-image-1469\" src=\"https:\/\/hisaizrocila.si\/wp-content\/uploads\/pajncek_2_306px_496px.png\" alt=\"pajncek_2_306px_496px\" width=\"306\" height=\"496\" srcset=\"https:\/\/hisaizrocila.si\/wp-content\/uploads\/pajncek_2_306px_496px.png 306w, https:\/\/hisaizrocila.si\/wp-content\/uploads\/pajncek_2_306px_496px-185x300.png 185w, https:\/\/hisaizrocila.si\/wp-content\/uploads\/pajncek_2_306px_496px-122x198.png 122w, https:\/\/hisaizrocila.si\/wp-content\/uploads\/pajncek_2_306px_496px-53x86.png 53w, https:\/\/hisaizrocila.si\/wp-content\/uploads\/pajncek_2_306px_496px-216x350.png 216w, https:\/\/hisaizrocila.si\/wp-content\/uploads\/pajncek_2_306px_496px-233x377.png 233w\" sizes=\"(max-width: 306px) 100vw, 306px\" \/><\/a><\/p>\n<p style=\"text-align: justify;\"><div class=\"divider\"><\/div>\n","protected":false},"excerpt":{"rendered":"","protected":false},"author":1,"featured_media":0,"parent":9,"menu_order":0,"comment_status":"open","ping_status":"open","template":"","meta":[],"_links":{"self":[{"href":"https:\/\/hisaizrocila.si\/sl\/wp-json\/wp\/v2\/pages\/96"}],"collection":[{"href":"https:\/\/hisaizrocila.si\/sl\/wp-json\/wp\/v2\/pages"}],"about":[{"href":"https:\/\/hisaizrocila.si\/sl\/wp-json\/wp\/v2\/types\/page"}],"author":[{"embeddable":true,"href":"https:\/\/hisaizrocila.si\/sl\/wp-json\/wp\/v2\/users\/1"}],"replies":[{"embeddable":true,"href":"https:\/\/hisaizrocila.si\/sl\/wp-json\/wp\/v2\/comments?post=96"}],"version-history":[{"count":32,"href":"https:\/\/hisaizrocila.si\/sl\/wp-json\/wp\/v2\/pages\/96\/revisions"}],"predecessor-version":[{"id":1612,"href":"https:\/\/hisaizrocila.si\/sl\/wp-json\/wp\/v2\/pages\/96\/revisions\/1612"}],"up":[{"embeddable":true,"href":"https:\/\/hisaizrocila.si\/sl\/wp-json\/wp\/v2\/pages\/9"}],"wp:attachment":[{"href":"https:\/\/hisaizrocila.si\/sl\/wp-json\/wp\/v2\/media?parent=96"}],"curies":[{"name":"wp","href":"https:\/\/api.w.org\/{rel}","templated":true}]}}